{"id":122,"date":"2018-11-24T14:07:50","date_gmt":"2018-11-24T13:07:50","guid":{"rendered":"http:\/\/mbp.chrzanow.pl\/pociagdotradycji\/?page_id=122"},"modified":"2019-03-23T12:49:26","modified_gmt":"2019-03-23T11:49:26","slug":"pociag-do-wiedzy","status":"publish","type":"page","link":"http:\/\/mbp.chrzanow.pl\/pociagdotradycji\/index.php\/pociag-do-wiedzy\/","title":{"rendered":"Poci\u0105g do wiedzy"},"content":{"rendered":"\t\t<div data-elementor-type=\"wp-post\" data-elementor-id=\"122\" class=\"elementor elementor-122 elementor-bc-flex-widget\">\n\t\t\t\t\t\t<section class=\"elementor-section elementor-top-section elementor-element elementor-element-7412e7ed elementor-section-content-middle elementor-section-boxed elementor-section-height-default elementor-section-height-default\" data-id=\"7412e7ed\" data-element_type=\"section\" data-e-type=\"section\">\n\t\t\t\t\t\t<div class=\"elementor-container elementor-column-gap-no\">\n\t\t\t\t\t<div class=\"elementor-column elementor-col-50 elementor-top-column elementor-element elementor-element-626c5b9a\" data-id=\"626c5b9a\" data-element_type=\"column\" data-e-type=\"column\">\n\t\t\t<div class=\"elementor-widget-wrap elementor-element-populated\">\n\t\t\t\t\t\t<div class=\"elementor-element elementor-element-30dd8ba5 elementor-widget elementor-widget-image\" data-id=\"30dd8ba5\" data-element_type=\"widget\" data-e-type=\"widget\" data-widget_type=\"image.default\">\n\t\t\t\t<div class=\"elementor-widget-container\">\n\t\t\t\t\t\t\t\t\t\t\t\t\t\t\t<img fetchpriority=\"high\" decoding=\"async\" width=\"300\" height=\"300\" src=\"http:\/\/mbp.chrzanow.pl\/pociagdotradycji\/wp-content\/uploads\/2018\/11\/dowiedzy-300x300.png\" class=\"attachment-medium size-medium wp-image-97\" alt=\"\" srcset=\"http:\/\/mbp.chrzanow.pl\/pociagdotradycji\/wp-content\/uploads\/2018\/11\/dowiedzy-300x300.png 300w, http:\/\/mbp.chrzanow.pl\/pociagdotradycji\/wp-content\/uploads\/2018\/11\/dowiedzy-150x150.png 150w, http:\/\/mbp.chrzanow.pl\/pociagdotradycji\/wp-content\/uploads\/2018\/11\/dowiedzy-768x768.png 768w, http:\/\/mbp.chrzanow.pl\/pociagdotradycji\/wp-content\/uploads\/2018\/11\/dowiedzy-1024x1024.png 1024w, http:\/\/mbp.chrzanow.pl\/pociagdotradycji\/wp-content\/uploads\/2018\/11\/dowiedzy-350x350.png 350w, http:\/\/mbp.chrzanow.pl\/pociagdotradycji\/wp-content\/uploads\/2018\/11\/dowiedzy.png 1890w\" sizes=\"(max-width: 300px) 100vw, 300px\" \/>\t\t\t\t\t\t\t\t\t\t\t\t\t\t\t<\/div>\n\t\t\t\t<\/div>\n\t\t\t\t\t<\/div>\n\t\t<\/div>\n\t\t\t\t<div class=\"elementor-column elementor-col-50 elementor-top-column elementor-element elementor-element-5cbc3158\" data-id=\"5cbc3158\" data-element_type=\"column\" data-e-type=\"column\">\n\t\t\t<div class=\"elementor-widget-wrap elementor-element-populated\">\n\t\t\t\t\t\t<div class=\"elementor-element elementor-element-7c241ad7 elementor-widget elementor-widget-text-editor\" data-id=\"7c241ad7\" data-element_type=\"widget\" data-e-type=\"widget\" data-widget_type=\"text-editor.default\">\n\t\t\t\t<div class=\"elementor-widget-container\">\n\t\t\t\t\t\t\t\t\t<p><strong>Poci\u0105g do wiedzy<\/strong> \u2013 cykl 4 wyk\u0142ad\u00f3w w ramach Wszechnicy Chrzanowskiej dot. historii Fabloku, kolejnictwa, ciekawostek zwi\u0105zanych z zak\u0142adem, wspomnie\u0144 pracownik\u00f3w, prezentacj\u0105 zachowanych pami\u0105tek. Daty wyk\u0142ad\u00f3w opublikujemy na stronie internetowej www.mbp.chrzanow.pl. Kontakt: Ma\u0142gorzata Zbroszczyk tel. 32 763 27 48.<\/p>\t\t\t\t\t\t\t\t<\/div>\n\t\t\t\t<\/div>\n\t\t\t\t\t<\/div>\n\t\t<\/div>\n\t\t\t\t\t<\/div>\n\t\t<\/section>\n\t\t\t\t<section class=\"elementor-section elementor-top-section elementor-element elementor-element-75e2419 elementor-section-boxed elementor-section-height-default elementor-section-height-default\" data-id=\"75e2419\" data-element_type=\"section\" data-e-type=\"section\">\n\t\t\t\t\t\t<div class=\"elementor-container elementor-column-gap-default\">\n\t\t\t\t\t<div class=\"elementor-column elementor-col-100 elementor-top-column elementor-element elementor-element-762e9f5\" data-id=\"762e9f5\" data-element_type=\"column\" data-e-type=\"column\">\n\t\t\t<div class=\"elementor-widget-wrap elementor-element-populated\">\n\t\t\t\t\t\t<div class=\"elementor-element elementor-element-0dfeeda elementor-grid-eael-col-4 elementor-grid-tablet-eael-col-2 elementor-grid-mobile-eael-col-1 elementor-widget elementor-widget-eael-post-grid\" data-id=\"0dfeeda\" data-element_type=\"widget\" data-e-type=\"widget\" data-settings=\"{&quot;eael_post_grid_columns&quot;:&quot;eael-col-4&quot;,&quot;eael_post_grid_columns_tablet&quot;:&quot;eael-col-2&quot;,&quot;eael_post_grid_columns_mobile&quot;:&quot;eael-col-1&quot;}\" data-widget_type=\"eael-post-grid.default\">\n\t\t\t\t<div class=\"elementor-widget-container\">\n\t\t\t\t\t<div id=\"eael-post-grid-0dfeeda\" class=\"eael-post-grid-container\">\n            <div class=\"eael-post-grid eael-post-appender eael-post-appender-0dfeeda eael-post-grid-style-one\" data-layout-mode=\"masonry\"><article class=\"eael-grid-post  eael-post-grid-column eael-pg-post-520 category-do-wiedzy\" data-id=\"520\">\n        <div class=\"eael-grid-post-holder\">\n            <div class=\"eael-grid-post-holder-inner\"><div class=\"eael-entry-media\"><div class=\"eael-entry-overlay fade-in\"><i class=\"fas fa-long-arrow-alt-right\" aria-hidden=\"true\"><\/i><a href=\"http:\/\/mbp.chrzanow.pl\/pociagdotradycji\/index.php\/2019\/03\/23\/wszechnica-chrzanowska-kolonie-pracownicze-fabloku\/\"><\/a><\/div><div class=\"eael-entry-thumbnail \">\n                <img decoding=\"async\" width=\"300\" height=\"225\" src=\"http:\/\/mbp.chrzanow.pl\/pociagdotradycji\/wp-content\/uploads\/2019\/03\/IMG_4294-300x225.jpg\" class=\"attachment-medium size-medium wp-image-615\" alt=\"\" srcset=\"http:\/\/mbp.chrzanow.pl\/pociagdotradycji\/wp-content\/uploads\/2019\/03\/IMG_4294-300x225.jpg 300w, http:\/\/mbp.chrzanow.pl\/pociagdotradycji\/wp-content\/uploads\/2019\/03\/IMG_4294-768x576.jpg 768w, http:\/\/mbp.chrzanow.pl\/pociagdotradycji\/wp-content\/uploads\/2019\/03\/IMG_4294-1024x768.jpg 1024w, http:\/\/mbp.chrzanow.pl\/pociagdotradycji\/wp-content\/uploads\/2019\/03\/IMG_4294.jpg 1200w\" sizes=\"(max-width: 300px) 100vw, 300px\" \/>\n            <\/div>\n        <\/div><div class=\"eael-entry-wrapper\"><header class=\"eael-entry-header\"><h2 class=\"eael-entry-title\"><a class=\"eael-grid-post-link\" href=\"http:\/\/mbp.chrzanow.pl\/pociagdotradycji\/index.php\/2019\/03\/23\/wszechnica-chrzanowska-kolonie-pracownicze-fabloku\/\" title=\"Wszechnica Chrzanowska &#8211; Kolonie pracownicze Fabloku\">Wszechnica Chrzanowska &#8211; Kolonie pracownicze Fabloku<\/a><\/h2><\/header><div class=\"eael-entry-content\">\n                        <div class=\"eael-grid-post-excerpt\"><p><\/p><a href=\"http:\/\/mbp.chrzanow.pl\/pociagdotradycji\/index.php\/2019\/03\/23\/wszechnica-chrzanowska-kolonie-pracownicze-fabloku\/\" class=\"eael-post-elements-readmore-btn\">Read More<\/a><\/div>\n                    <\/div><\/div><\/div>\n        <\/div>\n    <\/article><article class=\"eael-grid-post  eael-post-grid-column eael-pg-post-507 category-do-wiedzy\" data-id=\"507\">\n        <div class=\"eael-grid-post-holder\">\n            <div class=\"eael-grid-post-holder-inner\"><div class=\"eael-entry-media\"><div class=\"eael-entry-overlay fade-in\"><i class=\"fas fa-long-arrow-alt-right\" aria-hidden=\"true\"><\/i><a href=\"http:\/\/mbp.chrzanow.pl\/pociagdotradycji\/index.php\/2019\/03\/23\/wszechnica-chrzanowska-papiery-wartosciowe-fabloku\/\"><\/a><\/div><div class=\"eael-entry-thumbnail \">\n                <img decoding=\"async\" width=\"300\" height=\"199\" src=\"http:\/\/mbp.chrzanow.pl\/pociagdotradycji\/wp-content\/uploads\/2019\/03\/DSC_0015-300x199.jpg\" class=\"attachment-medium size-medium wp-image-568\" alt=\"\" srcset=\"http:\/\/mbp.chrzanow.pl\/pociagdotradycji\/wp-content\/uploads\/2019\/03\/DSC_0015-300x199.jpg 300w, http:\/\/mbp.chrzanow.pl\/pociagdotradycji\/wp-content\/uploads\/2019\/03\/DSC_0015-768x509.jpg 768w, http:\/\/mbp.chrzanow.pl\/pociagdotradycji\/wp-content\/uploads\/2019\/03\/DSC_0015-1024x678.jpg 1024w, http:\/\/mbp.chrzanow.pl\/pociagdotradycji\/wp-content\/uploads\/2019\/03\/DSC_0015.jpg 1200w\" sizes=\"(max-width: 300px) 100vw, 300px\" \/>\n            <\/div>\n        <\/div><div class=\"eael-entry-wrapper\"><header class=\"eael-entry-header\"><h2 class=\"eael-entry-title\"><a class=\"eael-grid-post-link\" href=\"http:\/\/mbp.chrzanow.pl\/pociagdotradycji\/index.php\/2019\/03\/23\/wszechnica-chrzanowska-papiery-wartosciowe-fabloku\/\" title=\"Wszechnica Chrzanowska &#8211; Papiery warto\u015bciowe Fabloku\">Wszechnica Chrzanowska &#8211; Papiery warto\u015bciowe Fabloku<\/a><\/h2><\/header><div class=\"eael-entry-content\">\n                        <div class=\"eael-grid-post-excerpt\"><p><\/p><a href=\"http:\/\/mbp.chrzanow.pl\/pociagdotradycji\/index.php\/2019\/03\/23\/wszechnica-chrzanowska-papiery-wartosciowe-fabloku\/\" class=\"eael-post-elements-readmore-btn\">Read More<\/a><\/div>\n                    <\/div><\/div><\/div>\n        <\/div>\n    <\/article><article class=\"eael-grid-post  eael-post-grid-column eael-pg-post-491 category-do-wiedzy\" data-id=\"491\">\n        <div class=\"eael-grid-post-holder\">\n            <div class=\"eael-grid-post-holder-inner\"><div class=\"eael-entry-media\"><div class=\"eael-entry-overlay fade-in\"><i class=\"fas fa-long-arrow-alt-right\" aria-hidden=\"true\"><\/i><a href=\"http:\/\/mbp.chrzanow.pl\/pociagdotradycji\/index.php\/2019\/03\/09\/wszechnica-chrzanowska-legendy-polskich-torow\/\"><\/a><\/div><div class=\"eael-entry-thumbnail \">\n                <img loading=\"lazy\" decoding=\"async\" width=\"300\" height=\"199\" src=\"http:\/\/mbp.chrzanow.pl\/pociagdotradycji\/wp-content\/uploads\/2019\/03\/DSC_0476-300x199.jpg\" class=\"attachment-medium size-medium wp-image-492\" alt=\"\" srcset=\"http:\/\/mbp.chrzanow.pl\/pociagdotradycji\/wp-content\/uploads\/2019\/03\/DSC_0476-300x199.jpg 300w, http:\/\/mbp.chrzanow.pl\/pociagdotradycji\/wp-content\/uploads\/2019\/03\/DSC_0476-768x509.jpg 768w, http:\/\/mbp.chrzanow.pl\/pociagdotradycji\/wp-content\/uploads\/2019\/03\/DSC_0476-1024x678.jpg 1024w, http:\/\/mbp.chrzanow.pl\/pociagdotradycji\/wp-content\/uploads\/2019\/03\/DSC_0476.jpg 1200w\" sizes=\"(max-width: 300px) 100vw, 300px\" \/>\n            <\/div>\n        <\/div><div class=\"eael-entry-wrapper\"><header class=\"eael-entry-header\"><h2 class=\"eael-entry-title\"><a class=\"eael-grid-post-link\" href=\"http:\/\/mbp.chrzanow.pl\/pociagdotradycji\/index.php\/2019\/03\/09\/wszechnica-chrzanowska-legendy-polskich-torow\/\" title=\"Wszechnica Chrzanowska &#8211; Legendy polskich tor\u00f3w\">Wszechnica Chrzanowska &#8211; Legendy polskich tor\u00f3w<\/a><\/h2><\/header><div class=\"eael-entry-content\">\n                        <div class=\"eael-grid-post-excerpt\"><p>Pierwsza Fabryka Lokomotyw w Polsce \u201eFablok\u201d S.A. przez 94 lata...<\/p><a href=\"http:\/\/mbp.chrzanow.pl\/pociagdotradycji\/index.php\/2019\/03\/09\/wszechnica-chrzanowska-legendy-polskich-torow\/\" class=\"eael-post-elements-readmore-btn\">Read More<\/a><\/div>\n                    <\/div><\/div><\/div>\n        <\/div>\n    <\/article><article class=\"eael-grid-post  eael-post-grid-column eael-pg-post-414 category-do-wiedzy\" data-id=\"414\">\n        <div class=\"eael-grid-post-holder\">\n            <div class=\"eael-grid-post-holder-inner\"><div class=\"eael-entry-media\"><div class=\"eael-entry-overlay fade-in\"><i class=\"fas fa-long-arrow-alt-right\" aria-hidden=\"true\"><\/i><a href=\"http:\/\/mbp.chrzanow.pl\/pociagdotradycji\/index.php\/2019\/02\/23\/wszechnica-chrzanowska-zembrzuski-konstruktor-xx-lecia-miedzywojennego\/\"><\/a><\/div><div class=\"eael-entry-thumbnail \">\n                <img loading=\"lazy\" decoding=\"async\" width=\"300\" height=\"200\" src=\"http:\/\/mbp.chrzanow.pl\/pociagdotradycji\/wp-content\/uploads\/2019\/02\/DSC_0159-001-300x200.jpg\" class=\"attachment-medium size-medium wp-image-415\" alt=\"\" srcset=\"http:\/\/mbp.chrzanow.pl\/pociagdotradycji\/wp-content\/uploads\/2019\/02\/DSC_0159-001-300x200.jpg 300w, http:\/\/mbp.chrzanow.pl\/pociagdotradycji\/wp-content\/uploads\/2019\/02\/DSC_0159-001-768x511.jpg 768w, http:\/\/mbp.chrzanow.pl\/pociagdotradycji\/wp-content\/uploads\/2019\/02\/DSC_0159-001-1024x681.jpg 1024w, http:\/\/mbp.chrzanow.pl\/pociagdotradycji\/wp-content\/uploads\/2019\/02\/DSC_0159-001.jpg 1200w\" sizes=\"(max-width: 300px) 100vw, 300px\" \/>\n            <\/div>\n        <\/div><div class=\"eael-entry-wrapper\"><header class=\"eael-entry-header\"><h2 class=\"eael-entry-title\"><a class=\"eael-grid-post-link\" href=\"http:\/\/mbp.chrzanow.pl\/pociagdotradycji\/index.php\/2019\/02\/23\/wszechnica-chrzanowska-zembrzuski-konstruktor-xx-lecia-miedzywojennego\/\" title=\"Wszechnica Chrzanowska &#8211; Zembrzuski konstruktor XX-lecia mi\u0119dzywojennego\">Wszechnica Chrzanowska &#8211; Zembrzuski konstruktor XX-lecia mi\u0119dzywojennego<\/a><\/h2><\/header><div class=\"eael-entry-content\">\n                        <div class=\"eael-grid-post-excerpt\"><p>Kolejny wyk\u0142ad w ramach Wszechnicy Chrzanowskiej odby\u0142 si\u0119 22 lutego...<\/p><a href=\"http:\/\/mbp.chrzanow.pl\/pociagdotradycji\/index.php\/2019\/02\/23\/wszechnica-chrzanowska-zembrzuski-konstruktor-xx-lecia-miedzywojennego\/\" class=\"eael-post-elements-readmore-btn\">Read More<\/a><\/div>\n                    <\/div><\/div><\/div>\n        <\/div>\n    <\/article><article class=\"eael-grid-post  eael-post-grid-column eael-pg-post-321 category-do-wiedzy\" data-id=\"321\">\n        <div class=\"eael-grid-post-holder\">\n            <div class=\"eael-grid-post-holder-inner\"><div class=\"eael-entry-media\"><div class=\"eael-entry-overlay fade-in\"><i class=\"fas fa-long-arrow-alt-right\" aria-hidden=\"true\"><\/i><a href=\"http:\/\/mbp.chrzanow.pl\/pociagdotradycji\/index.php\/2019\/01\/29\/wszechnica-chrzanowska-luxtorpeda-mit-kolejnictwa-ii-r-relacja\/\"><\/a><\/div><div class=\"eael-entry-thumbnail \">\n                <img loading=\"lazy\" decoding=\"async\" width=\"300\" height=\"200\" src=\"http:\/\/mbp.chrzanow.pl\/pociagdotradycji\/wp-content\/uploads\/2019\/01\/DSC_0088-001-300x200.jpg\" class=\"attachment-medium size-medium wp-image-322\" alt=\"\" srcset=\"http:\/\/mbp.chrzanow.pl\/pociagdotradycji\/wp-content\/uploads\/2019\/01\/DSC_0088-001-300x200.jpg 300w, http:\/\/mbp.chrzanow.pl\/pociagdotradycji\/wp-content\/uploads\/2019\/01\/DSC_0088-001-768x511.jpg 768w, http:\/\/mbp.chrzanow.pl\/pociagdotradycji\/wp-content\/uploads\/2019\/01\/DSC_0088-001-1024x681.jpg 1024w, http:\/\/mbp.chrzanow.pl\/pociagdotradycji\/wp-content\/uploads\/2019\/01\/DSC_0088-001.jpg 1200w\" sizes=\"(max-width: 300px) 100vw, 300px\" \/>\n            <\/div>\n        <\/div><div class=\"eael-entry-wrapper\"><header class=\"eael-entry-header\"><h2 class=\"eael-entry-title\"><a class=\"eael-grid-post-link\" href=\"http:\/\/mbp.chrzanow.pl\/pociagdotradycji\/index.php\/2019\/01\/29\/wszechnica-chrzanowska-luxtorpeda-mit-kolejnictwa-ii-r-relacja\/\" title=\"Wszechnica Chrzanowska \u2013 Luxtorpeda \u2013 mit kolejnictwa II RP\">Wszechnica Chrzanowska \u2013 Luxtorpeda \u2013 mit kolejnictwa II RP<\/a><\/h2><\/header><div class=\"eael-entry-content\">\n                        <div class=\"eael-grid-post-excerpt\"><p>W pi\u0105tek 25 stycznia 2019 cz\u0142onkowie Stowarzyszenia \u201eStacja Chrzan\u00f3w\u201d Krzysztof...<\/p><a href=\"http:\/\/mbp.chrzanow.pl\/pociagdotradycji\/index.php\/2019\/01\/29\/wszechnica-chrzanowska-luxtorpeda-mit-kolejnictwa-ii-r-relacja\/\" class=\"eael-post-elements-readmore-btn\">Read More<\/a><\/div>\n                    <\/div><\/div><\/div>\n        <\/div>\n    <\/article><\/div>\n            <div class=\"clearfix\"><\/div>\n        <\/div>\t\t\t\t<\/div>\n\t\t\t\t<\/div>\n\t\t\t\t\t<\/div>\n\t\t<\/div>\n\t\t\t\t\t<\/div>\n\t\t<\/section>\n\t\t\t\t<\/div>\n\t\t","protected":false},"excerpt":{"rendered":"<p>Poci\u0105g do wiedzy \u2013 cykl 4 wyk\u0142ad\u00f3w w ramach Wszechnicy Chrzanowskiej dot. historii Fabloku, kolejnictwa, ciekawostek zwi\u0105zanych z zak\u0142adem, wspomnie\u0144 pracownik\u00f3w, prezentacj\u0105 zachowanych pami\u0105tek. Daty wyk\u0142ad\u00f3w opublikujemy na stronie internetowej www.mbp.chrzanow.pl. Kontakt: Ma\u0142gorzata Zbroszczyk tel. 32 763 27 48. Wszechnica Chrzanowska &#8211; Kolonie pracownicze Fabloku Wszechnica Chrzanowska &#8211; Papiery warto\u015bciowe Fabloku Wszechnica Chrzanowska &#8211; Legendy [&hellip;]<\/p>\n","protected":false},"author":1,"featured_media":0,"parent":0,"menu_order":0,"comment_status":"closed","ping_status":"closed","template":"","meta":{"footnotes":""},"class_list":["post-122","page","type-page","status-publish","hentry"],"_links":{"self":[{"href":"http:\/\/mbp.chrzanow.pl\/pociagdotradycji\/index.php\/wp-json\/wp\/v2\/pages\/122","targetHints":{"allow":["GET"]}}],"collection":[{"href":"http:\/\/mbp.chrzanow.pl\/pociagdotradycji\/index.php\/wp-json\/wp\/v2\/pages"}],"about":[{"href":"http:\/\/mbp.chrzanow.pl\/pociagdotradycji\/index.php\/wp-json\/wp\/v2\/types\/page"}],"author":[{"embeddable":true,"href":"http:\/\/mbp.chrzanow.pl\/pociagdotradycji\/index.php\/wp-json\/wp\/v2\/users\/1"}],"replies":[{"embeddable":true,"href":"http:\/\/mbp.chrzanow.pl\/pociagdotradycji\/index.php\/wp-json\/wp\/v2\/comments?post=122"}],"version-history":[{"count":12,"href":"http:\/\/mbp.chrzanow.pl\/pociagdotradycji\/index.php\/wp-json\/wp\/v2\/pages\/122\/revisions"}],"predecessor-version":[{"id":523,"href":"http:\/\/mbp.chrzanow.pl\/pociagdotradycji\/index.php\/wp-json\/wp\/v2\/pages\/122\/revisions\/523"}],"wp:attachment":[{"href":"http:\/\/mbp.chrzanow.pl\/pociagdotradycji\/index.php\/wp-json\/wp\/v2\/media?parent=122"}],"curies":[{"name":"wp","href":"https:\/\/api.w.org\/{rel}","templated":true}]}}