{"id":148,"date":"2018-11-24T14:35:54","date_gmt":"2018-11-24T13:35:54","guid":{"rendered":"http:\/\/mbp.chrzanow.pl\/pociagdotradycji\/?page_id=148"},"modified":"2019-04-09T08:14:32","modified_gmt":"2019-04-09T06:14:32","slug":"pociag-do-historii","status":"publish","type":"page","link":"http:\/\/mbp.chrzanow.pl\/pociagdotradycji\/index.php\/pociag-do-historii\/","title":{"rendered":"Poci\u0105g do historii"},"content":{"rendered":"\t\t<div data-elementor-type=\"wp-post\" data-elementor-id=\"148\" class=\"elementor elementor-148\">\n\t\t\t\t\t\t<section class=\"elementor-section elementor-top-section elementor-element elementor-element-2ce2c9f0 elementor-section-content-middle elementor-section-boxed elementor-section-height-default elementor-section-height-default\" data-id=\"2ce2c9f0\" data-element_type=\"section\" data-e-type=\"section\">\n\t\t\t\t\t\t<div class=\"elementor-container elementor-column-gap-no\">\n\t\t\t\t\t<div class=\"elementor-column elementor-col-50 elementor-top-column elementor-element elementor-element-7a52cca5\" data-id=\"7a52cca5\" data-element_type=\"column\" data-e-type=\"column\">\n\t\t\t<div class=\"elementor-widget-wrap elementor-element-populated\">\n\t\t\t\t\t\t<div class=\"elementor-element elementor-element-17918e49 elementor-widget elementor-widget-image\" data-id=\"17918e49\" data-element_type=\"widget\" data-e-type=\"widget\" data-widget_type=\"image.default\">\n\t\t\t\t<div class=\"elementor-widget-container\">\n\t\t\t\t\t\t\t\t\t\t\t\t\t\t\t<img fetchpriority=\"high\" decoding=\"async\" width=\"300\" height=\"300\" src=\"https:\/\/mbp.chrzanow.pl\/pociagdotradycji\/wp-content\/uploads\/2018\/11\/dohistorii-300x300.png\" class=\"attachment-medium size-medium wp-image-78\" alt=\"\" srcset=\"https:\/\/mbp.chrzanow.pl\/pociagdotradycji\/wp-content\/uploads\/2018\/11\/dohistorii-300x300.png 300w, https:\/\/mbp.chrzanow.pl\/pociagdotradycji\/wp-content\/uploads\/2018\/11\/dohistorii-150x150.png 150w, https:\/\/mbp.chrzanow.pl\/pociagdotradycji\/wp-content\/uploads\/2018\/11\/dohistorii-768x768.png 768w, https:\/\/mbp.chrzanow.pl\/pociagdotradycji\/wp-content\/uploads\/2018\/11\/dohistorii-1024x1024.png 1024w, https:\/\/mbp.chrzanow.pl\/pociagdotradycji\/wp-content\/uploads\/2018\/11\/dohistorii-350x350.png 350w, https:\/\/mbp.chrzanow.pl\/pociagdotradycji\/wp-content\/uploads\/2018\/11\/dohistorii.png 1890w\" sizes=\"(max-width: 300px) 100vw, 300px\" \/>\t\t\t\t\t\t\t\t\t\t\t\t\t\t\t<\/div>\n\t\t\t\t<\/div>\n\t\t\t\t\t<\/div>\n\t\t<\/div>\n\t\t\t\t<div class=\"elementor-column elementor-col-50 elementor-top-column elementor-element elementor-element-689bf64f\" data-id=\"689bf64f\" data-element_type=\"column\" data-e-type=\"column\">\n\t\t\t<div class=\"elementor-widget-wrap elementor-element-populated\">\n\t\t\t\t\t\t<div class=\"elementor-element elementor-element-4666fc96 elementor-widget elementor-widget-text-editor\" data-id=\"4666fc96\" data-element_type=\"widget\" data-e-type=\"widget\" data-widget_type=\"text-editor.default\">\n\t\t\t\t<div class=\"elementor-widget-container\">\n\t\t\t\t\t\t\t\t\t<p><strong>Poci\u0105g do historii \u2013 <\/strong>zapraszamy uczni\u00f3w szk\u00f3\u0142 podstawowych wraz z\u00a0 nauczycielami na lekcje regionalne, kt\u00f3re b\u0119d\u0105 organizowane w Miejskiej Bibliotece Publicznej w Chrzanowie oraz Muzeum w Chrzanowie im. Ireny i Mieczys\u0142awa Mazarakich. Uczestnictwo wymaga wcze\u015bniejszego um\u00f3wienia grup. Tematyka lekcji obejmuje histori\u0119 kolejnictwa na ziemi chrzanowskiej, histori\u0119 Pierwszej Fabryki Lokomotyw w Chrzanowie oraz zak\u0142ada zwiedzanie wystawy \u201eFablok \u2013 Pierwsza Fabryka Lokomotyw w Chrzanowie\u201d w Muzeum oraz praktyczne warsztaty z wykorzystaniem Cyfrowego Archiwum Ziemi Chrzanowskiej w Miejskiej Bibliotece Publicznej w Chrzanowie. Regionalne lekcje plastyczno-techniczne poprowadz\u0105 r\u00f3wnie\u017c wolontariusze UTW w Chrzanowie w przedszkolach.<\/p><p>Kontakt w sprawie um\u00f3wienia lekcji:<br \/>MBP \u2013 Ewelina Langer tel. 32\u00a0763 27 49<br \/>MUZEUM \u2013 Marta Gawor tel. 32 623 51 73<br \/>UTW \u2013 Zofia G\u00f3recka tel. 505\u00a0519 279<\/p>\t\t\t\t\t\t\t\t<\/div>\n\t\t\t\t<\/div>\n\t\t\t\t\t<\/div>\n\t\t<\/div>\n\t\t\t\t\t<\/div>\n\t\t<\/section>\n\t\t\t\t<section class=\"elementor-section elementor-top-section elementor-element elementor-element-1145760 elementor-section-full_width elementor-section-height-min-height elementor-section-items-stretch elementor-section-height-default\" data-id=\"1145760\" data-element_type=\"section\" data-e-type=\"section\">\n\t\t\t\t\t\t<div class=\"elementor-container elementor-column-gap-default\">\n\t\t\t\t\t<div class=\"elementor-column elementor-col-100 elementor-top-column elementor-element elementor-element-7268c09\" data-id=\"7268c09\" data-element_type=\"column\" data-e-type=\"column\">\n\t\t\t<div class=\"elementor-widget-wrap elementor-element-populated\">\n\t\t\t\t\t\t<div class=\"elementor-element elementor-element-5b7e020 elementor-grid-eael-col-4 elementor-grid-tablet-eael-col-2 elementor-grid-mobile-eael-col-1 elementor-widget elementor-widget-eael-post-grid\" data-id=\"5b7e020\" data-element_type=\"widget\" data-e-type=\"widget\" data-settings=\"{&quot;eael_post_grid_columns&quot;:&quot;eael-col-4&quot;,&quot;eael_post_grid_columns_tablet&quot;:&quot;eael-col-2&quot;,&quot;eael_post_grid_columns_mobile&quot;:&quot;eael-col-1&quot;}\" data-widget_type=\"eael-post-grid.default\">\n\t\t\t\t<div class=\"elementor-widget-container\">\n\t\t\t\t\t<div id=\"eael-post-grid-5b7e020\" class=\"eael-post-grid-container\">\n            <div class=\"eael-post-grid eael-post-appender eael-post-appender-5b7e020 eael-post-grid-style-one\" data-layout-mode=\"masonry\"><article class=\"eael-grid-post  eael-post-grid-column eael-pg-post-358 category-do-historii\" data-id=\"358\">\n        <div class=\"eael-grid-post-holder\">\n            <div class=\"eael-grid-post-holder-inner\"><div class=\"eael-entry-media\"><div class=\"eael-entry-overlay fade-in\"><i class=\"fas fa-long-arrow-alt-right\" aria-hidden=\"true\"><\/i><a href=\"http:\/\/mbp.chrzanow.pl\/pociagdotradycji\/index.php\/2019\/02\/02\/warsztaty-regionalne-dla-przedszkolakow\/\"><\/a><\/div><div class=\"eael-entry-thumbnail \">\n                <img decoding=\"async\" width=\"300\" height=\"204\" src=\"http:\/\/mbp.chrzanow.pl\/pociagdotradycji\/wp-content\/uploads\/2019\/02\/IMG_0037-300x204.jpg\" class=\"attachment-medium size-medium wp-image-370\" alt=\"\" srcset=\"http:\/\/mbp.chrzanow.pl\/pociagdotradycji\/wp-content\/uploads\/2019\/02\/IMG_0037-300x204.jpg 300w, http:\/\/mbp.chrzanow.pl\/pociagdotradycji\/wp-content\/uploads\/2019\/02\/IMG_0037-768x523.jpg 768w, http:\/\/mbp.chrzanow.pl\/pociagdotradycji\/wp-content\/uploads\/2019\/02\/IMG_0037-1024x697.jpg 1024w, http:\/\/mbp.chrzanow.pl\/pociagdotradycji\/wp-content\/uploads\/2019\/02\/IMG_0037.jpg 1172w\" sizes=\"(max-width: 300px) 100vw, 300px\" \/>\n            <\/div>\n        <\/div><div class=\"eael-entry-wrapper\"><header class=\"eael-entry-header\"><h2 class=\"eael-entry-title\"><a class=\"eael-grid-post-link\" href=\"http:\/\/mbp.chrzanow.pl\/pociagdotradycji\/index.php\/2019\/02\/02\/warsztaty-regionalne-dla-przedszkolakow\/\" title=\"Warsztaty regionalne dla przedszkolak\u00f3w\">Warsztaty regionalne dla przedszkolak\u00f3w<\/a><\/h2><\/header><div class=\"eael-entry-content\">\n                        <div class=\"eael-grid-post-excerpt\"><p>W styczniu 2019 wolontariusze z grupy Wol\u201d\u0119\u201d dzia\u0142aj\u0105cej przy UTW...<\/p><a href=\"http:\/\/mbp.chrzanow.pl\/pociagdotradycji\/index.php\/2019\/02\/02\/warsztaty-regionalne-dla-przedszkolakow\/\" class=\"eael-post-elements-readmore-btn\">Read More<\/a><\/div>\n                    <\/div><\/div><\/div>\n        <\/div>\n    <\/article><article class=\"eael-grid-post  eael-post-grid-column eael-pg-post-375 category-do-historii\" data-id=\"375\">\n        <div class=\"eael-grid-post-holder\">\n            <div class=\"eael-grid-post-holder-inner\"><div class=\"eael-entry-media\"><div class=\"eael-entry-overlay fade-in\"><i class=\"fas fa-long-arrow-alt-right\" aria-hidden=\"true\"><\/i><a href=\"http:\/\/mbp.chrzanow.pl\/pociagdotradycji\/index.php\/2019\/02\/20\/warsztaty-regionalne-w-bibliotece\/\"><\/a><\/div><div class=\"eael-entry-thumbnail \">\n                <img decoding=\"async\" width=\"300\" height=\"200\" src=\"http:\/\/mbp.chrzanow.pl\/pociagdotradycji\/wp-content\/uploads\/2019\/02\/DSC_2850-300x200.jpg\" class=\"attachment-medium size-medium wp-image-376\" alt=\"\" srcset=\"http:\/\/mbp.chrzanow.pl\/pociagdotradycji\/wp-content\/uploads\/2019\/02\/DSC_2850-300x200.jpg 300w, http:\/\/mbp.chrzanow.pl\/pociagdotradycji\/wp-content\/uploads\/2019\/02\/DSC_2850-768x512.jpg 768w, http:\/\/mbp.chrzanow.pl\/pociagdotradycji\/wp-content\/uploads\/2019\/02\/DSC_2850.jpg 900w\" sizes=\"(max-width: 300px) 100vw, 300px\" \/>\n            <\/div>\n        <\/div><div class=\"eael-entry-wrapper\"><header class=\"eael-entry-header\"><h2 class=\"eael-entry-title\"><a class=\"eael-grid-post-link\" href=\"http:\/\/mbp.chrzanow.pl\/pociagdotradycji\/index.php\/2019\/02\/20\/warsztaty-regionalne-w-bibliotece\/\" title=\"Warsztaty regionalne w Bibliotece\">Warsztaty regionalne w Bibliotece<\/a><\/h2><\/header><div class=\"eael-entry-content\">\n                        <div class=\"eael-grid-post-excerpt\"><p>W lutym w Oddziale dla dzieci odby\u0142y si\u0119 zaj\u0119cia dla...<\/p><a href=\"http:\/\/mbp.chrzanow.pl\/pociagdotradycji\/index.php\/2019\/02\/20\/warsztaty-regionalne-w-bibliotece\/\" class=\"eael-post-elements-readmore-btn\">Read More<\/a><\/div>\n                    <\/div><\/div><\/div>\n        <\/div>\n    <\/article><article class=\"eael-grid-post  eael-post-grid-column eael-pg-post-380 category-do-historii\" data-id=\"380\">\n        <div class=\"eael-grid-post-holder\">\n            <div class=\"eael-grid-post-holder-inner\"><div class=\"eael-entry-media\"><div class=\"eael-entry-overlay fade-in\"><i class=\"fas fa-long-arrow-alt-right\" aria-hidden=\"true\"><\/i><a href=\"http:\/\/mbp.chrzanow.pl\/pociagdotradycji\/index.php\/2019\/02\/20\/warsztaty-regionalne-z-seniorami\/\"><\/a><\/div><div class=\"eael-entry-thumbnail \">\n                <img loading=\"lazy\" decoding=\"async\" width=\"300\" height=\"225\" src=\"http:\/\/mbp.chrzanow.pl\/pociagdotradycji\/wp-content\/uploads\/2019\/02\/20190218_094622-001-300x225.jpg\" class=\"attachment-medium size-medium wp-image-381\" alt=\"\" srcset=\"http:\/\/mbp.chrzanow.pl\/pociagdotradycji\/wp-content\/uploads\/2019\/02\/20190218_094622-001-300x225.jpg 300w, http:\/\/mbp.chrzanow.pl\/pociagdotradycji\/wp-content\/uploads\/2019\/02\/20190218_094622-001-768x576.jpg 768w, http:\/\/mbp.chrzanow.pl\/pociagdotradycji\/wp-content\/uploads\/2019\/02\/20190218_094622-001-1024x768.jpg 1024w, http:\/\/mbp.chrzanow.pl\/pociagdotradycji\/wp-content\/uploads\/2019\/02\/20190218_094622-001.jpg 1200w\" sizes=\"(max-width: 300px) 100vw, 300px\" \/>\n            <\/div>\n        <\/div><div class=\"eael-entry-wrapper\"><header class=\"eael-entry-header\"><h2 class=\"eael-entry-title\"><a class=\"eael-grid-post-link\" href=\"http:\/\/mbp.chrzanow.pl\/pociagdotradycji\/index.php\/2019\/02\/20\/warsztaty-regionalne-z-seniorami\/\" title=\"Warsztaty regionalne z seniorami\">Warsztaty regionalne z seniorami<\/a><\/h2><\/header><div class=\"eael-entry-content\">\n                        <div class=\"eael-grid-post-excerpt\"><p>\u201ePoci\u0105g do Tradycji\u201d przyjecha\u0142 do Przedszkola Nr 4 w Chrzanowie....<\/p><a href=\"http:\/\/mbp.chrzanow.pl\/pociagdotradycji\/index.php\/2019\/02\/20\/warsztaty-regionalne-z-seniorami\/\" class=\"eael-post-elements-readmore-btn\">Read More<\/a><\/div>\n                    <\/div><\/div><\/div>\n        <\/div>\n    <\/article><article class=\"eael-grid-post  eael-post-grid-column eael-pg-post-384 category-do-historii\" data-id=\"384\">\n        <div class=\"eael-grid-post-holder\">\n            <div class=\"eael-grid-post-holder-inner\"><div class=\"eael-entry-media\"><div class=\"eael-entry-overlay fade-in\"><i class=\"fas fa-long-arrow-alt-right\" aria-hidden=\"true\"><\/i><a href=\"http:\/\/mbp.chrzanow.pl\/pociagdotradycji\/index.php\/2019\/02\/20\/warsztaty-regionalne-w-muzeum\/\"><\/a><\/div><div class=\"eael-entry-thumbnail \">\n                <img loading=\"lazy\" decoding=\"async\" width=\"300\" height=\"226\" src=\"http:\/\/mbp.chrzanow.pl\/pociagdotradycji\/wp-content\/uploads\/2019\/02\/52585340_1023838894482846_1225663033531957248_n-300x226.jpg\" class=\"attachment-medium size-medium wp-image-385\" alt=\"\" srcset=\"http:\/\/mbp.chrzanow.pl\/pociagdotradycji\/wp-content\/uploads\/2019\/02\/52585340_1023838894482846_1225663033531957248_n-300x226.jpg 300w, http:\/\/mbp.chrzanow.pl\/pociagdotradycji\/wp-content\/uploads\/2019\/02\/52585340_1023838894482846_1225663033531957248_n-768x578.jpg 768w, http:\/\/mbp.chrzanow.pl\/pociagdotradycji\/wp-content\/uploads\/2019\/02\/52585340_1023838894482846_1225663033531957248_n.jpg 960w\" sizes=\"(max-width: 300px) 100vw, 300px\" \/>\n            <\/div>\n        <\/div><div class=\"eael-entry-wrapper\"><header class=\"eael-entry-header\"><h2 class=\"eael-entry-title\"><a class=\"eael-grid-post-link\" href=\"http:\/\/mbp.chrzanow.pl\/pociagdotradycji\/index.php\/2019\/02\/20\/warsztaty-regionalne-w-muzeum\/\" title=\"Warsztaty regionalne w Muzeum\">Warsztaty regionalne w Muzeum<\/a><\/h2><\/header><div class=\"eael-entry-content\">\n                        <div class=\"eael-grid-post-excerpt\"><p>W ramach projektu \u201ePoci\u0105g do tradycji\u201d w Muzeum w Chrzanowie...<\/p><a href=\"http:\/\/mbp.chrzanow.pl\/pociagdotradycji\/index.php\/2019\/02\/20\/warsztaty-regionalne-w-muzeum\/\" class=\"eael-post-elements-readmore-btn\">Read More<\/a><\/div>\n                    <\/div><\/div><\/div>\n        <\/div>\n    <\/article><article class=\"eael-grid-post  eael-post-grid-column eael-pg-post-407 category-do-historii\" data-id=\"407\">\n        <div class=\"eael-grid-post-holder\">\n            <div class=\"eael-grid-post-holder-inner\"><div class=\"eael-entry-media\"><div class=\"eael-entry-overlay fade-in\"><i class=\"fas fa-long-arrow-alt-right\" aria-hidden=\"true\"><\/i><a href=\"http:\/\/mbp.chrzanow.pl\/pociagdotradycji\/index.php\/2019\/02\/21\/lekcja-regionalna-w-bibliotece\/\"><\/a><\/div><div class=\"eael-entry-thumbnail \">\n                <img loading=\"lazy\" decoding=\"async\" width=\"300\" height=\"200\" src=\"http:\/\/mbp.chrzanow.pl\/pociagdotradycji\/wp-content\/uploads\/2019\/02\/DSC_0128-2-300x200.jpg\" class=\"attachment-medium size-medium wp-image-408\" alt=\"\" srcset=\"http:\/\/mbp.chrzanow.pl\/pociagdotradycji\/wp-content\/uploads\/2019\/02\/DSC_0128-2-300x200.jpg 300w, http:\/\/mbp.chrzanow.pl\/pociagdotradycji\/wp-content\/uploads\/2019\/02\/DSC_0128-2-768x511.jpg 768w, http:\/\/mbp.chrzanow.pl\/pociagdotradycji\/wp-content\/uploads\/2019\/02\/DSC_0128-2-1024x681.jpg 1024w, http:\/\/mbp.chrzanow.pl\/pociagdotradycji\/wp-content\/uploads\/2019\/02\/DSC_0128-2.jpg 1200w\" sizes=\"(max-width: 300px) 100vw, 300px\" \/>\n            <\/div>\n        <\/div><div class=\"eael-entry-wrapper\"><header class=\"eael-entry-header\"><h2 class=\"eael-entry-title\"><a class=\"eael-grid-post-link\" href=\"http:\/\/mbp.chrzanow.pl\/pociagdotradycji\/index.php\/2019\/02\/21\/lekcja-regionalna-w-bibliotece\/\" title=\"Lekcja regionalna w bibliotece\">Lekcja regionalna w bibliotece<\/a><\/h2><\/header><div class=\"eael-entry-content\">\n                        <div class=\"eael-grid-post-excerpt\"><p>W lutym liczna grupa uczni\u00f3w ze Szko\u0142y Podstawowej nr 6...<\/p><a href=\"http:\/\/mbp.chrzanow.pl\/pociagdotradycji\/index.php\/2019\/02\/21\/lekcja-regionalna-w-bibliotece\/\" class=\"eael-post-elements-readmore-btn\">Read More<\/a><\/div>\n                    <\/div><\/div><\/div>\n        <\/div>\n    <\/article><article class=\"eael-grid-post  eael-post-grid-column eael-pg-post-471 category-do-historii\" data-id=\"471\">\n        <div class=\"eael-grid-post-holder\">\n            <div class=\"eael-grid-post-holder-inner\"><div class=\"eael-entry-media\"><div class=\"eael-entry-overlay fade-in\"><i class=\"fas fa-long-arrow-alt-right\" aria-hidden=\"true\"><\/i><a href=\"http:\/\/mbp.chrzanow.pl\/pociagdotradycji\/index.php\/2019\/03\/07\/lekcje-regionalne-dla-uczniow\/\"><\/a><\/div><div class=\"eael-entry-thumbnail \">\n                <img loading=\"lazy\" decoding=\"async\" width=\"300\" height=\"200\" src=\"http:\/\/mbp.chrzanow.pl\/pociagdotradycji\/wp-content\/uploads\/2019\/03\/DSC_0054-300x200.jpg\" class=\"attachment-medium size-medium wp-image-472\" alt=\"\" srcset=\"http:\/\/mbp.chrzanow.pl\/pociagdotradycji\/wp-content\/uploads\/2019\/03\/DSC_0054-300x200.jpg 300w, http:\/\/mbp.chrzanow.pl\/pociagdotradycji\/wp-content\/uploads\/2019\/03\/DSC_0054-768x511.jpg 768w, http:\/\/mbp.chrzanow.pl\/pociagdotradycji\/wp-content\/uploads\/2019\/03\/DSC_0054-1024x681.jpg 1024w, http:\/\/mbp.chrzanow.pl\/pociagdotradycji\/wp-content\/uploads\/2019\/03\/DSC_0054.jpg 1200w\" sizes=\"(max-width: 300px) 100vw, 300px\" \/>\n            <\/div>\n        <\/div><div class=\"eael-entry-wrapper\"><header class=\"eael-entry-header\"><h2 class=\"eael-entry-title\"><a class=\"eael-grid-post-link\" href=\"http:\/\/mbp.chrzanow.pl\/pociagdotradycji\/index.php\/2019\/03\/07\/lekcje-regionalne-dla-uczniow\/\" title=\"Lekcje regionalne dla uczni\u00f3w\">Lekcje regionalne dla uczni\u00f3w<\/a><\/h2><\/header><div class=\"eael-entry-content\">\n                        <div class=\"eael-grid-post-excerpt\"><p>Kolejne grupy dzieci i m\u0142odzie\u017cy z chrzanowskich szk\u00f3\u0142 podstawowych wzi\u0119\u0142y...<\/p><a href=\"http:\/\/mbp.chrzanow.pl\/pociagdotradycji\/index.php\/2019\/03\/07\/lekcje-regionalne-dla-uczniow\/\" class=\"eael-post-elements-readmore-btn\">Read More<\/a><\/div>\n                    <\/div><\/div><\/div>\n        <\/div>\n    <\/article><\/div>\n            <div class=\"clearfix\"><\/div>\n        <\/div>\t\t\t\t<\/div>\n\t\t\t\t<\/div>\n\t\t\t\t\t<\/div>\n\t\t<\/div>\n\t\t\t\t\t<\/div>\n\t\t<\/section>\n\t\t\t\t<section class=\"elementor-section elementor-top-section elementor-element elementor-element-801f12a elementor-section-boxed elementor-section-height-default elementor-section-height-default\" data-id=\"801f12a\" data-element_type=\"section\" data-e-type=\"section\">\n\t\t\t\t\t\t<div class=\"elementor-container elementor-column-gap-default\">\n\t\t\t\t\t<div class=\"elementor-column elementor-col-25 elementor-top-column elementor-element elementor-element-09a2602\" data-id=\"09a2602\" data-element_type=\"column\" data-e-type=\"column\">\n\t\t\t<div class=\"elementor-widget-wrap elementor-element-populated\">\n\t\t\t\t\t\t<div class=\"elementor-element elementor-element-5a25271 elementor-view-stacked elementor-shape-circle elementor-position-block-start elementor-mobile-position-block-start elementor-widget elementor-widget-icon-box\" data-id=\"5a25271\" data-element_type=\"widget\" data-e-type=\"widget\" data-widget_type=\"icon-box.default\">\n\t\t\t\t<div class=\"elementor-widget-container\">\n\t\t\t\t\t\t\t<div class=\"elementor-icon-box-wrapper\">\n\n\t\t\t\t\t\t<div class=\"elementor-icon-box-icon\">\n\t\t\t\t<a href=\"http:\/\/mbp.chrzanow.pl\/pociagdotradycji\/wp-content\/uploads\/2019\/02\/pociagdotradycji_lekcja.pdf\" target=\"_blank\" class=\"elementor-icon\" tabindex=\"-1\" aria-label=\"Prezentacja &quot;Historia Pierwszej Fabryki Lokomotyw w Polsce&quot;\">\n\t\t\t\t<i class=\"fa fa-book\" aria-hidden=\"true\"><\/i>\t\t\t\t<\/a>\n\t\t\t<\/div>\n\t\t\t\n\t\t\t\t\t\t<div class=\"elementor-icon-box-content\">\n\n\t\t\t\t\t\t\t\t\t<h3 class=\"elementor-icon-box-title\">\n\t\t\t\t\t\t<a href=\"http:\/\/mbp.chrzanow.pl\/pociagdotradycji\/wp-content\/uploads\/2019\/02\/pociagdotradycji_lekcja.pdf\" target=\"_blank\" >\n\t\t\t\t\t\t\tPrezentacja \"Historia Pierwszej Fabryki Lokomotyw w Polsce\"\t\t\t\t\t\t<\/a>\n\t\t\t\t\t<\/h3>\n\t\t\t\t\n\t\t\t\t\n\t\t\t<\/div>\n\t\t\t\n\t\t<\/div>\n\t\t\t\t\t\t<\/div>\n\t\t\t\t<\/div>\n\t\t\t\t\t<\/div>\n\t\t<\/div>\n\t\t\t\t<div class=\"elementor-column elementor-col-25 elementor-top-column elementor-element elementor-element-a2d2910\" data-id=\"a2d2910\" data-element_type=\"column\" data-e-type=\"column\">\n\t\t\t<div class=\"elementor-widget-wrap elementor-element-populated\">\n\t\t\t\t\t\t<div class=\"elementor-element elementor-element-62bbf34 elementor-view-stacked elementor-shape-circle elementor-position-block-start elementor-mobile-position-block-start elementor-widget elementor-widget-icon-box\" data-id=\"62bbf34\" data-element_type=\"widget\" data-e-type=\"widget\" data-widget_type=\"icon-box.default\">\n\t\t\t\t<div class=\"elementor-widget-container\">\n\t\t\t\t\t\t\t<div class=\"elementor-icon-box-wrapper\">\n\n\t\t\t\t\t\t<div class=\"elementor-icon-box-icon\">\n\t\t\t\t<a href=\"http:\/\/mbp.chrzanow.pl\/pociagdotradycji\/wp-content\/uploads\/2019\/02\/scenariusz1.pdf\" target=\"_blank\" class=\"elementor-icon\" tabindex=\"-1\" aria-label=\"Scenariusz lekcji regionalnej &quot;Chrzan\u00f3w - miasto lokomotyw&quot;\">\n\t\t\t\t<i class=\"fa fa-book\" aria-hidden=\"true\"><\/i>\t\t\t\t<\/a>\n\t\t\t<\/div>\n\t\t\t\n\t\t\t\t\t\t<div class=\"elementor-icon-box-content\">\n\n\t\t\t\t\t\t\t\t\t<h3 class=\"elementor-icon-box-title\">\n\t\t\t\t\t\t<a href=\"http:\/\/mbp.chrzanow.pl\/pociagdotradycji\/wp-content\/uploads\/2019\/02\/scenariusz1.pdf\" target=\"_blank\" >\n\t\t\t\t\t\t\tScenariusz lekcji regionalnej \"Chrzan\u00f3w - miasto lokomotyw\"\t\t\t\t\t\t<\/a>\n\t\t\t\t\t<\/h3>\n\t\t\t\t\n\t\t\t\t\n\t\t\t<\/div>\n\t\t\t\n\t\t<\/div>\n\t\t\t\t\t\t<\/div>\n\t\t\t\t<\/div>\n\t\t\t\t\t<\/div>\n\t\t<\/div>\n\t\t\t\t<div class=\"elementor-column elementor-col-25 elementor-top-column elementor-element elementor-element-002560d\" data-id=\"002560d\" data-element_type=\"column\" data-e-type=\"column\">\n\t\t\t<div class=\"elementor-widget-wrap elementor-element-populated\">\n\t\t\t\t\t\t<div class=\"elementor-element elementor-element-22a5eb2 elementor-view-stacked elementor-shape-circle elementor-position-block-start elementor-mobile-position-block-start elementor-widget elementor-widget-icon-box\" data-id=\"22a5eb2\" data-element_type=\"widget\" data-e-type=\"widget\" data-widget_type=\"icon-box.default\">\n\t\t\t\t<div class=\"elementor-widget-container\">\n\t\t\t\t\t\t\t<div class=\"elementor-icon-box-wrapper\">\n\n\t\t\t\t\t\t<div class=\"elementor-icon-box-icon\">\n\t\t\t\t<a href=\"http:\/\/mbp.chrzanow.pl\/pociagdotradycji\/wp-content\/uploads\/2019\/02\/scenariusz3.pdf\" target=\"_blank\" class=\"elementor-icon\" tabindex=\"-1\" aria-label=\"Scenariusz lekcji regionalnej &quot;Rusza poci\u0105g, a my w nim!&quot;\">\n\t\t\t\t<i class=\"fa fa-book\" aria-hidden=\"true\"><\/i>\t\t\t\t<\/a>\n\t\t\t<\/div>\n\t\t\t\n\t\t\t\t\t\t<div class=\"elementor-icon-box-content\">\n\n\t\t\t\t\t\t\t\t\t<h3 class=\"elementor-icon-box-title\">\n\t\t\t\t\t\t<a href=\"http:\/\/mbp.chrzanow.pl\/pociagdotradycji\/wp-content\/uploads\/2019\/02\/scenariusz3.pdf\" target=\"_blank\" >\n\t\t\t\t\t\t\tScenariusz lekcji regionalnej \"Rusza poci\u0105g, a my w nim!\"\t\t\t\t\t\t<\/a>\n\t\t\t\t\t<\/h3>\n\t\t\t\t\n\t\t\t\t\n\t\t\t<\/div>\n\t\t\t\n\t\t<\/div>\n\t\t\t\t\t\t<\/div>\n\t\t\t\t<\/div>\n\t\t\t\t\t<\/div>\n\t\t<\/div>\n\t\t\t\t<div class=\"elementor-column elementor-col-25 elementor-top-column elementor-element elementor-element-ccb02ee\" data-id=\"ccb02ee\" data-element_type=\"column\" data-e-type=\"column\">\n\t\t\t<div class=\"elementor-widget-wrap elementor-element-populated\">\n\t\t\t\t\t\t<div class=\"elementor-element elementor-element-cc9e63b elementor-view-stacked elementor-shape-circle elementor-position-block-start elementor-mobile-position-block-start elementor-widget elementor-widget-icon-box\" data-id=\"cc9e63b\" data-element_type=\"widget\" data-e-type=\"widget\" data-widget_type=\"icon-box.default\">\n\t\t\t\t<div class=\"elementor-widget-container\">\n\t\t\t\t\t\t\t<div class=\"elementor-icon-box-wrapper\">\n\n\t\t\t\t\t\t<div class=\"elementor-icon-box-icon\">\n\t\t\t\t<a href=\"http:\/\/mbp.chrzanow.pl\/pociagdotradycji\/wp-content\/uploads\/2019\/02\/scenariusz2.pdf\" target=\"_blank\" class=\"elementor-icon\" tabindex=\"-1\" aria-label=\"Scenariusz lekcji regionalnej &quot;Stoi na stacji w Chrzanowie lokomotywa&quot;\">\n\t\t\t\t<i class=\"fa fa-book\" aria-hidden=\"true\"><\/i>\t\t\t\t<\/a>\n\t\t\t<\/div>\n\t\t\t\n\t\t\t\t\t\t<div class=\"elementor-icon-box-content\">\n\n\t\t\t\t\t\t\t\t\t<h3 class=\"elementor-icon-box-title\">\n\t\t\t\t\t\t<a href=\"http:\/\/mbp.chrzanow.pl\/pociagdotradycji\/wp-content\/uploads\/2019\/02\/scenariusz2.pdf\" target=\"_blank\" >\n\t\t\t\t\t\t\tScenariusz lekcji regionalnej \"Stoi na stacji w Chrzanowie lokomotywa\"\t\t\t\t\t\t<\/a>\n\t\t\t\t\t<\/h3>\n\t\t\t\t\n\t\t\t\t\n\t\t\t<\/div>\n\t\t\t\n\t\t<\/div>\n\t\t\t\t\t\t<\/div>\n\t\t\t\t<\/div>\n\t\t\t\t\t<\/div>\n\t\t<\/div>\n\t\t\t\t\t<\/div>\n\t\t<\/section>\n\t\t\t\t<\/div>\n\t\t","protected":false},"excerpt":{"rendered":"<p>Poci\u0105g do historii \u2013 zapraszamy uczni\u00f3w szk\u00f3\u0142 podstawowych wraz z\u00a0 nauczycielami na lekcje regionalne, kt\u00f3re b\u0119d\u0105 organizowane w Miejskiej Bibliotece Publicznej w Chrzanowie oraz Muzeum w Chrzanowie im. Ireny i Mieczys\u0142awa Mazarakich. Uczestnictwo wymaga wcze\u015bniejszego um\u00f3wienia grup. Tematyka lekcji obejmuje histori\u0119 kolejnictwa na ziemi chrzanowskiej, histori\u0119 Pierwszej Fabryki Lokomotyw w Chrzanowie oraz zak\u0142ada zwiedzanie wystawy [&hellip;]<\/p>\n","protected":false},"author":1,"featured_media":0,"parent":0,"menu_order":0,"comment_status":"closed","ping_status":"closed","template":"","meta":{"footnotes":""},"class_list":["post-148","page","type-page","status-publish","hentry"],"_links":{"self":[{"href":"http:\/\/mbp.chrzanow.pl\/pociagdotradycji\/index.php\/wp-json\/wp\/v2\/pages\/148","targetHints":{"allow":["GET"]}}],"collection":[{"href":"http:\/\/mbp.chrzanow.pl\/pociagdotradycji\/index.php\/wp-json\/wp\/v2\/pages"}],"about":[{"href":"http:\/\/mbp.chrzanow.pl\/pociagdotradycji\/index.php\/wp-json\/wp\/v2\/types\/page"}],"author":[{"embeddable":true,"href":"http:\/\/mbp.chrzanow.pl\/pociagdotradycji\/index.php\/wp-json\/wp\/v2\/users\/1"}],"replies":[{"embeddable":true,"href":"http:\/\/mbp.chrzanow.pl\/pociagdotradycji\/index.php\/wp-json\/wp\/v2\/comments?post=148"}],"version-history":[{"count":25,"href":"http:\/\/mbp.chrzanow.pl\/pociagdotradycji\/index.php\/wp-json\/wp\/v2\/pages\/148\/revisions"}],"predecessor-version":[{"id":535,"href":"http:\/\/mbp.chrzanow.pl\/pociagdotradycji\/index.php\/wp-json\/wp\/v2\/pages\/148\/revisions\/535"}],"wp:attachment":[{"href":"http:\/\/mbp.chrzanow.pl\/pociagdotradycji\/index.php\/wp-json\/wp\/v2\/media?parent=148"}],"curies":[{"name":"wp","href":"https:\/\/api.w.org\/{rel}","templated":true}]}}