{"id":238,"date":"2018-11-29T16:53:58","date_gmt":"2018-11-29T15:53:58","guid":{"rendered":"http:\/\/mbp.chrzanow.pl\/pociagdotradycji\/?page_id=238"},"modified":"2019-06-03T12:06:31","modified_gmt":"2019-06-03T10:06:31","slug":"pociag-do-zwiedzania","status":"publish","type":"page","link":"http:\/\/mbp.chrzanow.pl\/pociagdotradycji\/index.php\/pociag-do-zwiedzania\/","title":{"rendered":"Poci\u0105g do zwiedzania"},"content":{"rendered":"\t\t<div data-elementor-type=\"wp-post\" data-elementor-id=\"238\" class=\"elementor elementor-238\">\n\t\t\t\t\t\t<section class=\"elementor-section elementor-top-section elementor-element elementor-element-68ef416b elementor-section-content-middle elementor-section-boxed elementor-section-height-default elementor-section-height-default\" data-id=\"68ef416b\" data-element_type=\"section\" data-e-type=\"section\">\n\t\t\t\t\t\t<div class=\"elementor-container elementor-column-gap-no\">\n\t\t\t\t\t<div class=\"elementor-column elementor-col-50 elementor-top-column elementor-element elementor-element-796dd016\" data-id=\"796dd016\" data-element_type=\"column\" data-e-type=\"column\">\n\t\t\t<div class=\"elementor-widget-wrap elementor-element-populated\">\n\t\t\t\t\t\t<div class=\"elementor-element elementor-element-341dee98 elementor-widget elementor-widget-image\" data-id=\"341dee98\" data-element_type=\"widget\" data-e-type=\"widget\" data-widget_type=\"image.default\">\n\t\t\t\t<div class=\"elementor-widget-container\">\n\t\t\t\t\t\t\t\t\t\t\t\t\t\t\t<img fetchpriority=\"high\" decoding=\"async\" width=\"300\" height=\"300\" src=\"http:\/\/mbp.chrzanow.pl\/pociagdotradycji\/wp-content\/uploads\/2018\/11\/dozwiedzania-300x300.png\" class=\"attachment-medium size-medium wp-image-84\" alt=\"\" srcset=\"http:\/\/mbp.chrzanow.pl\/pociagdotradycji\/wp-content\/uploads\/2018\/11\/dozwiedzania-300x300.png 300w, http:\/\/mbp.chrzanow.pl\/pociagdotradycji\/wp-content\/uploads\/2018\/11\/dozwiedzania-150x150.png 150w, http:\/\/mbp.chrzanow.pl\/pociagdotradycji\/wp-content\/uploads\/2018\/11\/dozwiedzania-768x768.png 768w, http:\/\/mbp.chrzanow.pl\/pociagdotradycji\/wp-content\/uploads\/2018\/11\/dozwiedzania-1024x1024.png 1024w, http:\/\/mbp.chrzanow.pl\/pociagdotradycji\/wp-content\/uploads\/2018\/11\/dozwiedzania-350x350.png 350w, http:\/\/mbp.chrzanow.pl\/pociagdotradycji\/wp-content\/uploads\/2018\/11\/dozwiedzania.png 1890w\" sizes=\"(max-width: 300px) 100vw, 300px\" \/>\t\t\t\t\t\t\t\t\t\t\t\t\t\t\t<\/div>\n\t\t\t\t<\/div>\n\t\t\t\t\t<\/div>\n\t\t<\/div>\n\t\t\t\t<div class=\"elementor-column elementor-col-50 elementor-top-column elementor-element elementor-element-6cd20372\" data-id=\"6cd20372\" data-element_type=\"column\" data-e-type=\"column\">\n\t\t\t<div class=\"elementor-widget-wrap elementor-element-populated\">\n\t\t\t\t\t\t<div class=\"elementor-element elementor-element-5208f592 elementor-widget elementor-widget-text-editor\" data-id=\"5208f592\" data-element_type=\"widget\" data-e-type=\"widget\" data-widget_type=\"text-editor.default\">\n\t\t\t\t<div class=\"elementor-widget-container\">\n\t\t\t\t\t\t\t\t\t<p class=\"Default\"><b>Poci\u0105g do zwiedzania \u2013 <\/b>zapraszamy wszystkich mi\u0142o\u015bnik\u00f3w lokalnej historii na cykl rajd\u00f3w rowerowych i pieszych tras\u0105 \u201eSzlakiem Fabloku\u201d. Korzystaj\u0105c ze spacerownika oraz mapy prowadz\u0105cej po oznakowanych miejscach zwi\u0105zanych z Fablokiem poznacie Chrzan\u00f3w z innej strony, odkryjecie zapomniane zak\u0105tki miasta, jego histori\u0119, legendy i zas\u0142u\u017conych mieszka\u0144c\u00f3w. Rajdy b\u0119d\u0105 si\u0119 odbywa\u0142y w okresie maj-wrzesie\u0144 2019.\u00a0 Przewodnikami w rajdach rowerowych b\u0119d\u0105 cz\u0142onkowie Stowarzyszenia Chrzanowskich Cyklist\u00f3w, natomiast rajd\u00f3w pieszych Stowarzyszenia Stacja Chrzan\u00f3w. Kontakt: Ewelina Langer tel. 32 763 27 49.<\/p>\t\t\t\t\t\t\t\t<\/div>\n\t\t\t\t<\/div>\n\t\t\t\t\t<\/div>\n\t\t<\/div>\n\t\t\t\t\t<\/div>\n\t\t<\/section>\n\t\t\t\t<section class=\"elementor-section elementor-top-section elementor-element elementor-element-39af3f6 elementor-section-boxed elementor-section-height-default elementor-section-height-default\" data-id=\"39af3f6\" data-element_type=\"section\" data-e-type=\"section\">\n\t\t\t\t\t\t<div class=\"elementor-container elementor-column-gap-default\">\n\t\t\t\t\t<div class=\"elementor-column elementor-col-100 elementor-top-column elementor-element elementor-element-91bd4f6\" data-id=\"91bd4f6\" data-element_type=\"column\" data-e-type=\"column\">\n\t\t\t<div class=\"elementor-widget-wrap elementor-element-populated\">\n\t\t\t\t\t\t<div class=\"elementor-element elementor-element-84efb99 elementor-grid-eael-col-4 elementor-grid-tablet-eael-col-2 elementor-grid-mobile-eael-col-1 elementor-widget elementor-widget-eael-post-grid\" data-id=\"84efb99\" data-element_type=\"widget\" data-e-type=\"widget\" data-settings=\"{&quot;eael_post_grid_columns&quot;:&quot;eael-col-4&quot;,&quot;eael_post_grid_columns_tablet&quot;:&quot;eael-col-2&quot;,&quot;eael_post_grid_columns_mobile&quot;:&quot;eael-col-1&quot;}\" data-widget_type=\"eael-post-grid.default\">\n\t\t\t\t<div class=\"elementor-widget-container\">\n\t\t\t\t\t<div id=\"eael-post-grid-84efb99\" class=\"eael-post-grid-container\">\n            <div class=\"eael-post-grid eael-post-appender eael-post-appender-84efb99 eael-post-grid-style-one\" data-layout-mode=\"masonry\"><article class=\"eael-grid-post  eael-post-grid-column eael-pg-post-807 category-do-zwiedzania\" data-id=\"807\">\n        <div class=\"eael-grid-post-holder\">\n            <div class=\"eael-grid-post-holder-inner\"><div class=\"eael-entry-media\"><div class=\"eael-entry-overlay fade-in\"><i class=\"fas fa-long-arrow-alt-right\" aria-hidden=\"true\"><\/i><a href=\"http:\/\/mbp.chrzanow.pl\/pociagdotradycji\/index.php\/2019\/07\/12\/relacja-ze-spacerow-szlakiem-fabloku\/\"><\/a><\/div><div class=\"eael-entry-thumbnail \">\n                <img decoding=\"async\" width=\"300\" height=\"225\" src=\"http:\/\/mbp.chrzanow.pl\/pociagdotradycji\/wp-content\/uploads\/2019\/07\/IMG_4859-300x225.jpg\" class=\"attachment-medium size-medium wp-image-809\" alt=\"\" srcset=\"http:\/\/mbp.chrzanow.pl\/pociagdotradycji\/wp-content\/uploads\/2019\/07\/IMG_4859-300x225.jpg 300w, http:\/\/mbp.chrzanow.pl\/pociagdotradycji\/wp-content\/uploads\/2019\/07\/IMG_4859-768x576.jpg 768w, http:\/\/mbp.chrzanow.pl\/pociagdotradycji\/wp-content\/uploads\/2019\/07\/IMG_4859-1024x768.jpg 1024w, http:\/\/mbp.chrzanow.pl\/pociagdotradycji\/wp-content\/uploads\/2019\/07\/IMG_4859.jpg 1200w\" sizes=\"(max-width: 300px) 100vw, 300px\" \/>\n            <\/div>\n        <\/div><div class=\"eael-entry-wrapper\"><header class=\"eael-entry-header\"><h2 class=\"eael-entry-title\"><a class=\"eael-grid-post-link\" href=\"http:\/\/mbp.chrzanow.pl\/pociagdotradycji\/index.php\/2019\/07\/12\/relacja-ze-spacerow-szlakiem-fabloku\/\" title=\"Relacja ze spacer\u00f3w &#8222;Szlakiem Fabloku&#8221;\">Relacja ze spacer\u00f3w &#8222;Szlakiem Fabloku&#8221;<\/a><\/h2><\/header><div class=\"eael-entry-content\">\n                        <div class=\"eael-grid-post-excerpt\"><p>6 lipca 2019 odby\u0142y si\u0119 dwa\u00a0 spacery industrialne &#8222;Szlakiem Fabloku&#8221;....<\/p><a href=\"http:\/\/mbp.chrzanow.pl\/pociagdotradycji\/index.php\/2019\/07\/12\/relacja-ze-spacerow-szlakiem-fabloku\/\" class=\"eael-post-elements-readmore-btn\">Read More<\/a><\/div>\n                    <\/div><div class=\"eael-entry-footer\"><div class=\"eael-author-avatar\"><a href=\"http:\/\/mbp.chrzanow.pl\/pociagdotradycji\/index.php\/author\/ewelina-langer\/\"><img alt='Ewelina Langer' src='https:\/\/secure.gravatar.com\/avatar\/9074ef8fc8377f682a83982670dc473d1ca1e151454ca5459b61b60dd072ddf5?s=96&#038;d=mm&#038;r=g' srcset='https:\/\/secure.gravatar.com\/avatar\/9074ef8fc8377f682a83982670dc473d1ca1e151454ca5459b61b60dd072ddf5?s=192&#038;d=mm&#038;r=g 2x' class='avatar avatar-96 photo' height='96' width='96' \/><\/a><\/div><div class=\"eael-entry-meta\"><span class=\"eael-posted-by\"><a href=\"http:\/\/mbp.chrzanow.pl\/pociagdotradycji\/index.php\/author\/ewelina-langer\/\" title=\"Posts by Ewelina Langer\" rel=\"author\">Ewelina Langer<\/a><\/span><span class=\"eael-posted-on\"><time datetime=\"12 lipca 2019\">12 lipca 2019<\/time><\/span><\/div><\/div><\/div><\/div>\n        <\/div>\n    <\/article><article class=\"eael-grid-post  eael-post-grid-column eael-pg-post-715 category-do-zwiedzania\" data-id=\"715\">\n        <div class=\"eael-grid-post-holder\">\n            <div class=\"eael-grid-post-holder-inner\"><div class=\"eael-entry-media\"><div class=\"eael-entry-overlay fade-in\"><i class=\"fas fa-long-arrow-alt-right\" aria-hidden=\"true\"><\/i><a href=\"http:\/\/mbp.chrzanow.pl\/pociagdotradycji\/index.php\/2019\/06\/13\/ii-rajd-rowerowy-szlakiem-fabloku\/\"><\/a><\/div><div class=\"eael-entry-thumbnail \">\n                <img decoding=\"async\" width=\"300\" height=\"199\" src=\"http:\/\/mbp.chrzanow.pl\/pociagdotradycji\/wp-content\/uploads\/2019\/06\/DSC_0181-001-300x199.jpg\" class=\"attachment-medium size-medium wp-image-698\" alt=\"\" srcset=\"http:\/\/mbp.chrzanow.pl\/pociagdotradycji\/wp-content\/uploads\/2019\/06\/DSC_0181-001-300x199.jpg 300w, http:\/\/mbp.chrzanow.pl\/pociagdotradycji\/wp-content\/uploads\/2019\/06\/DSC_0181-001-768x509.jpg 768w, http:\/\/mbp.chrzanow.pl\/pociagdotradycji\/wp-content\/uploads\/2019\/06\/DSC_0181-001-1024x678.jpg 1024w, http:\/\/mbp.chrzanow.pl\/pociagdotradycji\/wp-content\/uploads\/2019\/06\/DSC_0181-001.jpg 1200w\" sizes=\"(max-width: 300px) 100vw, 300px\" \/>\n            <\/div>\n        <\/div><div class=\"eael-entry-wrapper\"><header class=\"eael-entry-header\"><h2 class=\"eael-entry-title\"><a class=\"eael-grid-post-link\" href=\"http:\/\/mbp.chrzanow.pl\/pociagdotradycji\/index.php\/2019\/06\/13\/ii-rajd-rowerowy-szlakiem-fabloku\/\" title=\"II Rajd rowerowy &#8222;Szlakiem Fabloku&#8221;\">II Rajd rowerowy &#8222;Szlakiem Fabloku&#8221;<\/a><\/h2><\/header><div class=\"eael-entry-content\">\n                        <div class=\"eael-grid-post-excerpt\"><p>Na kolejny rajd rowerowy &#8222;Szlakiem Fabloku&#8221; zapraszamy wsp\u00f3lnie ze Stowarzyszeniem...<\/p><a href=\"http:\/\/mbp.chrzanow.pl\/pociagdotradycji\/index.php\/2019\/06\/13\/ii-rajd-rowerowy-szlakiem-fabloku\/\" class=\"eael-post-elements-readmore-btn\">Read More<\/a><\/div>\n                    <\/div><div class=\"eael-entry-footer\"><div class=\"eael-author-avatar\"><a href=\"http:\/\/mbp.chrzanow.pl\/pociagdotradycji\/index.php\/author\/ewelina-langer\/\"><img alt='Ewelina Langer' src='https:\/\/secure.gravatar.com\/avatar\/9074ef8fc8377f682a83982670dc473d1ca1e151454ca5459b61b60dd072ddf5?s=96&#038;d=mm&#038;r=g' srcset='https:\/\/secure.gravatar.com\/avatar\/9074ef8fc8377f682a83982670dc473d1ca1e151454ca5459b61b60dd072ddf5?s=192&#038;d=mm&#038;r=g 2x' class='avatar avatar-96 photo' height='96' width='96' \/><\/a><\/div><div class=\"eael-entry-meta\"><span class=\"eael-posted-by\"><a href=\"http:\/\/mbp.chrzanow.pl\/pociagdotradycji\/index.php\/author\/ewelina-langer\/\" title=\"Posts by Ewelina Langer\" rel=\"author\">Ewelina Langer<\/a><\/span><span class=\"eael-posted-on\"><time datetime=\"13 czerwca 2019\">13 czerwca 2019<\/time><\/span><\/div><\/div><\/div><\/div>\n        <\/div>\n    <\/article><article class=\"eael-grid-post  eael-post-grid-column eael-pg-post-704 category-do-zwiedzania\" data-id=\"704\">\n        <div class=\"eael-grid-post-holder\">\n            <div class=\"eael-grid-post-holder-inner\"><div class=\"eael-entry-media\"><div class=\"eael-entry-overlay fade-in\"><i class=\"fas fa-long-arrow-alt-right\" aria-hidden=\"true\"><\/i><a href=\"http:\/\/mbp.chrzanow.pl\/pociagdotradycji\/index.php\/2019\/06\/13\/spacery-szklakiem-fabloku\/\"><\/a><\/div><div class=\"eael-entry-thumbnail \">\n                <img loading=\"lazy\" decoding=\"async\" width=\"300\" height=\"218\" src=\"http:\/\/mbp.chrzanow.pl\/pociagdotradycji\/wp-content\/uploads\/2019\/06\/124-300x218.jpg\" class=\"attachment-medium size-medium wp-image-705\" alt=\"\" srcset=\"http:\/\/mbp.chrzanow.pl\/pociagdotradycji\/wp-content\/uploads\/2019\/06\/124-300x218.jpg 300w, http:\/\/mbp.chrzanow.pl\/pociagdotradycji\/wp-content\/uploads\/2019\/06\/124-768x558.jpg 768w, http:\/\/mbp.chrzanow.pl\/pociagdotradycji\/wp-content\/uploads\/2019\/06\/124-1024x744.jpg 1024w\" sizes=\"(max-width: 300px) 100vw, 300px\" \/>\n            <\/div>\n        <\/div><div class=\"eael-entry-wrapper\"><header class=\"eael-entry-header\"><h2 class=\"eael-entry-title\"><a class=\"eael-grid-post-link\" href=\"http:\/\/mbp.chrzanow.pl\/pociagdotradycji\/index.php\/2019\/06\/13\/spacery-szklakiem-fabloku\/\" title=\"Spacery &#8222;Szlakiem Fabloku&#8221;\">Spacery &#8222;Szlakiem Fabloku&#8221;<\/a><\/h2><\/header><div class=\"eael-entry-content\">\n                        <div class=\"eael-grid-post-excerpt\"><p>Zapraszamy na spacery industrialne Szlakiem Fabloku, czyli zak\u0142adu Pierwszej Fabryki...<\/p><a href=\"http:\/\/mbp.chrzanow.pl\/pociagdotradycji\/index.php\/2019\/06\/13\/spacery-szklakiem-fabloku\/\" class=\"eael-post-elements-readmore-btn\">Read More<\/a><\/div>\n                    <\/div><div class=\"eael-entry-footer\"><div class=\"eael-author-avatar\"><a href=\"http:\/\/mbp.chrzanow.pl\/pociagdotradycji\/index.php\/author\/ewelina-langer\/\"><img alt='Ewelina Langer' src='https:\/\/secure.gravatar.com\/avatar\/9074ef8fc8377f682a83982670dc473d1ca1e151454ca5459b61b60dd072ddf5?s=96&#038;d=mm&#038;r=g' srcset='https:\/\/secure.gravatar.com\/avatar\/9074ef8fc8377f682a83982670dc473d1ca1e151454ca5459b61b60dd072ddf5?s=192&#038;d=mm&#038;r=g 2x' class='avatar avatar-96 photo' height='96' width='96' \/><\/a><\/div><div class=\"eael-entry-meta\"><span class=\"eael-posted-by\"><a href=\"http:\/\/mbp.chrzanow.pl\/pociagdotradycji\/index.php\/author\/ewelina-langer\/\" title=\"Posts by Ewelina Langer\" rel=\"author\">Ewelina Langer<\/a><\/span><span class=\"eael-posted-on\"><time datetime=\"13 czerwca 2019\">13 czerwca 2019<\/time><\/span><\/div><\/div><\/div><\/div>\n        <\/div>\n    <\/article><article class=\"eael-grid-post  eael-post-grid-column eael-pg-post-667 category-do-zwiedzania\" data-id=\"667\">\n        <div class=\"eael-grid-post-holder\">\n            <div class=\"eael-grid-post-holder-inner\"><div class=\"eael-entry-media\"><div class=\"eael-entry-overlay fade-in\"><i class=\"fas fa-long-arrow-alt-right\" aria-hidden=\"true\"><\/i><a href=\"http:\/\/mbp.chrzanow.pl\/pociagdotradycji\/index.php\/2019\/06\/11\/rajd-rowerowy-szlakiem-fabloku-relacja\/\"><\/a><\/div><div class=\"eael-entry-thumbnail \">\n                <img loading=\"lazy\" decoding=\"async\" width=\"300\" height=\"199\" src=\"http:\/\/mbp.chrzanow.pl\/pociagdotradycji\/wp-content\/uploads\/2019\/06\/DSC_0131-001-300x199.jpg\" class=\"attachment-medium size-medium wp-image-668\" alt=\"\" srcset=\"http:\/\/mbp.chrzanow.pl\/pociagdotradycji\/wp-content\/uploads\/2019\/06\/DSC_0131-001-300x199.jpg 300w, http:\/\/mbp.chrzanow.pl\/pociagdotradycji\/wp-content\/uploads\/2019\/06\/DSC_0131-001-768x509.jpg 768w, http:\/\/mbp.chrzanow.pl\/pociagdotradycji\/wp-content\/uploads\/2019\/06\/DSC_0131-001-1024x678.jpg 1024w, http:\/\/mbp.chrzanow.pl\/pociagdotradycji\/wp-content\/uploads\/2019\/06\/DSC_0131-001.jpg 1200w\" sizes=\"(max-width: 300px) 100vw, 300px\" \/>\n            <\/div>\n        <\/div><div class=\"eael-entry-wrapper\"><header class=\"eael-entry-header\"><h2 class=\"eael-entry-title\"><a class=\"eael-grid-post-link\" href=\"http:\/\/mbp.chrzanow.pl\/pociagdotradycji\/index.php\/2019\/06\/11\/rajd-rowerowy-szlakiem-fabloku-relacja\/\" title=\"Rajd rowerowy &#8222;Szlakiem Fabloku&#8221; &#8211; relacja\">Rajd rowerowy &#8222;Szlakiem Fabloku&#8221; &#8211; relacja<\/a><\/h2><\/header><div class=\"eael-entry-content\">\n                        <div class=\"eael-grid-post-excerpt\"><p>W sobot\u0119 8 czerwca 2019 odby\u0142 si\u0119 Rajd Rowerowy &#8222;Szlakiem...<\/p><a href=\"http:\/\/mbp.chrzanow.pl\/pociagdotradycji\/index.php\/2019\/06\/11\/rajd-rowerowy-szlakiem-fabloku-relacja\/\" class=\"eael-post-elements-readmore-btn\">Read More<\/a><\/div>\n                    <\/div><div class=\"eael-entry-footer\"><div class=\"eael-author-avatar\"><a href=\"http:\/\/mbp.chrzanow.pl\/pociagdotradycji\/index.php\/author\/ewelina-langer\/\"><img alt='Ewelina Langer' src='https:\/\/secure.gravatar.com\/avatar\/9074ef8fc8377f682a83982670dc473d1ca1e151454ca5459b61b60dd072ddf5?s=96&#038;d=mm&#038;r=g' srcset='https:\/\/secure.gravatar.com\/avatar\/9074ef8fc8377f682a83982670dc473d1ca1e151454ca5459b61b60dd072ddf5?s=192&#038;d=mm&#038;r=g 2x' class='avatar avatar-96 photo' height='96' width='96' \/><\/a><\/div><div class=\"eael-entry-meta\"><span class=\"eael-posted-by\"><a href=\"http:\/\/mbp.chrzanow.pl\/pociagdotradycji\/index.php\/author\/ewelina-langer\/\" title=\"Posts by Ewelina Langer\" rel=\"author\">Ewelina Langer<\/a><\/span><span class=\"eael-posted-on\"><time datetime=\"11 czerwca 2019\">11 czerwca 2019<\/time><\/span><\/div><\/div><\/div><\/div>\n        <\/div>\n    <\/article><\/div>\n            <div class=\"clearfix\"><\/div>\n        <\/div>            <div class=\"eael-load-more-button-wrap eael-force-hide\">\n                <button class=\"eael-load-more-button\" id=\"eael-load-more-btn-84efb99\" data-widget-id=\"84efb99\" data-widget=\"84efb99\" data-page-id=\"238\" data-template=\"{&quot;dir&quot;:&quot;lite&quot;,&quot;file_name&quot;:&quot;one.php&quot;,&quot;name&quot;:&quot;Post-Grid&quot;}\" data-class=\"Essential_Addons_Elementor\\Elements\\Post_Grid\" data-layout=\"masonry\" data-page=\"1\" data-args=\"orderby=date&amp;order=desc&amp;ignore_sticky_posts=1&amp;post_status=publish&amp;posts_per_page=4&amp;offset=0&amp;post_type=post&amp;tax_query%5B0%5D%5Btaxonomy%5D=category&amp;tax_query%5B0%5D%5Bfield%5D=term_id&amp;tax_query%5B0%5D%5Bterms%5D%5B0%5D=9&amp;tax_query%5Brelation%5D=AND\" data-max-page=\"2\">\n                    <span class=\"eael-btn-loader button__loader\"><\/span>\n                    <span class=\"eael_load_more_text\">Load More<\/span>\n                <\/button>\n            <\/div>\n            \t\t\t\t<\/div>\n\t\t\t\t<\/div>\n\t\t\t\t\t<\/div>\n\t\t<\/div>\n\t\t\t\t\t<\/div>\n\t\t<\/section>\n\t\t\t\t<\/div>\n\t\t","protected":false},"excerpt":{"rendered":"<p>Poci\u0105g do zwiedzania \u2013 zapraszamy wszystkich mi\u0142o\u015bnik\u00f3w lokalnej historii na cykl rajd\u00f3w rowerowych i pieszych tras\u0105 \u201eSzlakiem Fabloku\u201d. Korzystaj\u0105c ze spacerownika oraz mapy prowadz\u0105cej po oznakowanych miejscach zwi\u0105zanych z Fablokiem poznacie Chrzan\u00f3w z innej strony, odkryjecie zapomniane zak\u0105tki miasta, jego histori\u0119, legendy i zas\u0142u\u017conych mieszka\u0144c\u00f3w. Rajdy b\u0119d\u0105 si\u0119 odbywa\u0142y w okresie maj-wrzesie\u0144 2019.\u00a0 Przewodnikami w [&hellip;]<\/p>\n","protected":false},"author":1,"featured_media":0,"parent":0,"menu_order":0,"comment_status":"closed","ping_status":"closed","template":"","meta":{"footnotes":""},"class_list":["post-238","page","type-page","status-publish","hentry"],"_links":{"self":[{"href":"http:\/\/mbp.chrzanow.pl\/pociagdotradycji\/index.php\/wp-json\/wp\/v2\/pages\/238","targetHints":{"allow":["GET"]}}],"collection":[{"href":"http:\/\/mbp.chrzanow.pl\/pociagdotradycji\/index.php\/wp-json\/wp\/v2\/pages"}],"about":[{"href":"http:\/\/mbp.chrzanow.pl\/pociagdotradycji\/index.php\/wp-json\/wp\/v2\/types\/page"}],"author":[{"embeddable":true,"href":"http:\/\/mbp.chrzanow.pl\/pociagdotradycji\/index.php\/wp-json\/wp\/v2\/users\/1"}],"replies":[{"embeddable":true,"href":"http:\/\/mbp.chrzanow.pl\/pociagdotradycji\/index.php\/wp-json\/wp\/v2\/comments?post=238"}],"version-history":[{"count":4,"href":"http:\/\/mbp.chrzanow.pl\/pociagdotradycji\/index.php\/wp-json\/wp\/v2\/pages\/238\/revisions"}],"predecessor-version":[{"id":624,"href":"http:\/\/mbp.chrzanow.pl\/pociagdotradycji\/index.php\/wp-json\/wp\/v2\/pages\/238\/revisions\/624"}],"wp:attachment":[{"href":"http:\/\/mbp.chrzanow.pl\/pociagdotradycji\/index.php\/wp-json\/wp\/v2\/media?parent=238"}],"curies":[{"name":"wp","href":"https:\/\/api.w.org\/{rel}","templated":true}]}}