{"id":794,"date":"2019-07-09T14:11:49","date_gmt":"2019-07-09T12:11:49","guid":{"rendered":"http:\/\/mbp.chrzanow.pl\/pociagdotradycji\/?page_id=794"},"modified":"2019-07-09T14:12:38","modified_gmt":"2019-07-09T12:12:38","slug":"wystawy-2","status":"publish","type":"page","link":"http:\/\/mbp.chrzanow.pl\/pociagdotradycji\/index.php\/wystawy-2\/","title":{"rendered":"Wystawy"},"content":{"rendered":"\t\t<div data-elementor-type=\"wp-post\" data-elementor-id=\"794\" class=\"elementor elementor-794\">\n\t\t\t\t\t\t<section class=\"elementor-section elementor-top-section elementor-element elementor-element-af4c322 elementor-section-boxed elementor-section-height-default elementor-section-height-default\" data-id=\"af4c322\" data-element_type=\"section\" data-e-type=\"section\">\n\t\t\t\t\t\t<div class=\"elementor-container elementor-column-gap-default\">\n\t\t\t\t\t<div class=\"elementor-column elementor-col-100 elementor-top-column elementor-element elementor-element-4757712\" data-id=\"4757712\" data-element_type=\"column\" data-e-type=\"column\">\n\t\t\t<div class=\"elementor-widget-wrap elementor-element-populated\">\n\t\t\t\t\t\t<div class=\"elementor-element elementor-element-627bd39 elementor-grid-eael-col-4 elementor-grid-tablet-eael-col-2 elementor-grid-mobile-eael-col-1 elementor-widget elementor-widget-eael-post-grid\" data-id=\"627bd39\" data-element_type=\"widget\" data-e-type=\"widget\" data-settings=\"{&quot;eael_post_grid_columns&quot;:&quot;eael-col-4&quot;,&quot;eael_post_grid_columns_tablet&quot;:&quot;eael-col-2&quot;,&quot;eael_post_grid_columns_mobile&quot;:&quot;eael-col-1&quot;}\" data-widget_type=\"eael-post-grid.default\">\n\t\t\t\t<div class=\"elementor-widget-container\">\n\t\t\t\t\t<div id=\"eael-post-grid-627bd39\" class=\"eael-post-grid-container\">\n            <div class=\"eael-post-grid eael-post-appender eael-post-appender-627bd39 eael-post-grid-style-one\" data-layout-mode=\"masonry\"><article class=\"eael-grid-post  eael-post-grid-column eael-pg-post-830 category-wystawy\" data-id=\"830\">\n        <div class=\"eael-grid-post-holder\">\n            <div class=\"eael-grid-post-holder-inner\"><div class=\"eael-entry-media\"><div class=\"eael-entry-overlay fade-in\"><i class=\"fas fa-long-arrow-alt-right\" aria-hidden=\"true\"><\/i><a href=\"http:\/\/mbp.chrzanow.pl\/pociagdotradycji\/index.php\/2019\/07\/12\/wystawa-modeli-lokomotyw-i-parowozow\/\"><\/a><\/div><div class=\"eael-entry-thumbnail \">\n                <img fetchpriority=\"high\" decoding=\"async\" width=\"300\" height=\"169\" src=\"http:\/\/mbp.chrzanow.pl\/pociagdotradycji\/wp-content\/uploads\/2019\/07\/65797725_2828853530489180_3645132202880008192_o-300x169.jpg\" class=\"attachment-medium size-medium wp-image-841\" alt=\"\" srcset=\"http:\/\/mbp.chrzanow.pl\/pociagdotradycji\/wp-content\/uploads\/2019\/07\/65797725_2828853530489180_3645132202880008192_o-300x169.jpg 300w, http:\/\/mbp.chrzanow.pl\/pociagdotradycji\/wp-content\/uploads\/2019\/07\/65797725_2828853530489180_3645132202880008192_o-768x432.jpg 768w, http:\/\/mbp.chrzanow.pl\/pociagdotradycji\/wp-content\/uploads\/2019\/07\/65797725_2828853530489180_3645132202880008192_o-1024x577.jpg 1024w, http:\/\/mbp.chrzanow.pl\/pociagdotradycji\/wp-content\/uploads\/2019\/07\/65797725_2828853530489180_3645132202880008192_o.jpg 1751w\" sizes=\"(max-width: 300px) 100vw, 300px\" \/>\n            <\/div>\n        <\/div><div class=\"eael-entry-wrapper\"><header class=\"eael-entry-header\"><h2 class=\"eael-entry-title\"><a class=\"eael-grid-post-link\" href=\"http:\/\/mbp.chrzanow.pl\/pociagdotradycji\/index.php\/2019\/07\/12\/wystawa-modeli-lokomotyw-i-parowozow\/\" title=\"Wystawa modeli lokomotyw i parowoz\u00f3w\">Wystawa modeli lokomotyw i parowoz\u00f3w<\/a><\/h2><\/header><div class=\"eael-entry-content\">\n                        <div class=\"eael-grid-post-excerpt\"><p>W dniach od 17 maja 2019 do 26 sierpnia 2019...<\/p><a href=\"http:\/\/mbp.chrzanow.pl\/pociagdotradycji\/index.php\/2019\/07\/12\/wystawa-modeli-lokomotyw-i-parowozow\/\" class=\"eael-post-elements-readmore-btn\">Read More<\/a><\/div>\n                    <\/div><\/div><\/div>\n        <\/div>\n    <\/article><article class=\"eael-grid-post  eael-post-grid-column eael-pg-post-631 category-wystawy\" data-id=\"631\">\n        <div class=\"eael-grid-post-holder\">\n            <div class=\"eael-grid-post-holder-inner\"><div class=\"eael-entry-media\"><div class=\"eael-entry-overlay fade-in\"><i class=\"fas fa-long-arrow-alt-right\" aria-hidden=\"true\"><\/i><a href=\"http:\/\/mbp.chrzanow.pl\/pociagdotradycji\/index.php\/2019\/06\/03\/wystawa-z-okazji-100-lecia-powstania-fabloku\/\"><\/a><\/div><div class=\"eael-entry-thumbnail \">\n                <img decoding=\"async\" width=\"212\" height=\"300\" src=\"http:\/\/mbp.chrzanow.pl\/pociagdotradycji\/wp-content\/uploads\/2019\/06\/Fablok_plakat_Wystawa_net-212x300.jpg\" class=\"attachment-medium size-medium wp-image-632\" alt=\"\" srcset=\"http:\/\/mbp.chrzanow.pl\/pociagdotradycji\/wp-content\/uploads\/2019\/06\/Fablok_plakat_Wystawa_net-212x300.jpg 212w, http:\/\/mbp.chrzanow.pl\/pociagdotradycji\/wp-content\/uploads\/2019\/06\/Fablok_plakat_Wystawa_net-768x1086.jpg 768w, http:\/\/mbp.chrzanow.pl\/pociagdotradycji\/wp-content\/uploads\/2019\/06\/Fablok_plakat_Wystawa_net-724x1024.jpg 724w\" sizes=\"(max-width: 212px) 100vw, 212px\" \/>\n            <\/div>\n        <\/div><div class=\"eael-entry-wrapper\"><header class=\"eael-entry-header\"><h2 class=\"eael-entry-title\"><a class=\"eael-grid-post-link\" href=\"http:\/\/mbp.chrzanow.pl\/pociagdotradycji\/index.php\/2019\/06\/03\/wystawa-z-okazji-100-lecia-powstania-fabloku\/\" title=\"Wystawa z okazji 100-lecia powstania Fabloku\">Wystawa z okazji 100-lecia powstania Fabloku<\/a><\/h2><\/header><div class=\"eael-entry-content\">\n                        <div class=\"eael-grid-post-excerpt\"><p><\/p><a href=\"http:\/\/mbp.chrzanow.pl\/pociagdotradycji\/index.php\/2019\/06\/03\/wystawa-z-okazji-100-lecia-powstania-fabloku\/\" class=\"eael-post-elements-readmore-btn\">Read More<\/a><\/div>\n                    <\/div><\/div><\/div>\n        <\/div>\n    <\/article><article class=\"eael-grid-post  eael-post-grid-column eael-pg-post-627 category-wystawy\" data-id=\"627\">\n        <div class=\"eael-grid-post-holder\">\n            <div class=\"eael-grid-post-holder-inner\"><div class=\"eael-entry-media\"><div class=\"eael-entry-overlay fade-in\"><i class=\"fas fa-long-arrow-alt-right\" aria-hidden=\"true\"><\/i><a href=\"http:\/\/mbp.chrzanow.pl\/pociagdotradycji\/index.php\/2019\/06\/03\/wystawa-makieta-waskotorowa\/\"><\/a><\/div><div class=\"eael-entry-thumbnail \">\n                <img decoding=\"async\" width=\"300\" height=\"169\" src=\"http:\/\/mbp.chrzanow.pl\/pociagdotradycji\/wp-content\/uploads\/2019\/06\/wystawa_baner-300x169.png\" class=\"attachment-medium size-medium wp-image-628\" alt=\"\" srcset=\"http:\/\/mbp.chrzanow.pl\/pociagdotradycji\/wp-content\/uploads\/2019\/06\/wystawa_baner-300x169.png 300w, http:\/\/mbp.chrzanow.pl\/pociagdotradycji\/wp-content\/uploads\/2019\/06\/wystawa_baner-768x432.png 768w, http:\/\/mbp.chrzanow.pl\/pociagdotradycji\/wp-content\/uploads\/2019\/06\/wystawa_baner-1024x576.png 1024w, http:\/\/mbp.chrzanow.pl\/pociagdotradycji\/wp-content\/uploads\/2019\/06\/wystawa_baner.png 1920w\" sizes=\"(max-width: 300px) 100vw, 300px\" \/>\n            <\/div>\n        <\/div><div class=\"eael-entry-wrapper\"><header class=\"eael-entry-header\"><h2 class=\"eael-entry-title\"><a class=\"eael-grid-post-link\" href=\"http:\/\/mbp.chrzanow.pl\/pociagdotradycji\/index.php\/2019\/06\/03\/wystawa-makieta-waskotorowa\/\" title=\"Wystawa &#8222;Makieta w\u0105skotorowa&#8221;\">Wystawa &#8222;Makieta w\u0105skotorowa&#8221;<\/a><\/h2><\/header><div class=\"eael-entry-content\">\n                        <div class=\"eael-grid-post-excerpt\"><p>Przez dwa dni 25 i 26 maja 2019 mo\u017cna by\u0142o...<\/p><a href=\"http:\/\/mbp.chrzanow.pl\/pociagdotradycji\/index.php\/2019\/06\/03\/wystawa-makieta-waskotorowa\/\" class=\"eael-post-elements-readmore-btn\">Read More<\/a><\/div>\n                    <\/div><\/div><\/div>\n        <\/div>\n    <\/article><article class=\"eael-grid-post  eael-post-grid-column eael-pg-post-498 category-wystawy\" data-id=\"498\">\n        <div class=\"eael-grid-post-holder\">\n            <div class=\"eael-grid-post-holder-inner\"><div class=\"eael-entry-media\"><div class=\"eael-entry-overlay fade-in\"><i class=\"fas fa-long-arrow-alt-right\" aria-hidden=\"true\"><\/i><a href=\"http:\/\/mbp.chrzanow.pl\/pociagdotradycji\/index.php\/2019\/03\/13\/pociag-pedzlem-malowany\/\"><\/a><\/div><div class=\"eael-entry-thumbnail \">\n                <img loading=\"lazy\" decoding=\"async\" width=\"300\" height=\"199\" src=\"http:\/\/mbp.chrzanow.pl\/pociagdotradycji\/wp-content\/uploads\/2019\/03\/pociag-3-300x199.jpg\" class=\"attachment-medium size-medium wp-image-499\" alt=\"\" srcset=\"http:\/\/mbp.chrzanow.pl\/pociagdotradycji\/wp-content\/uploads\/2019\/03\/pociag-3-300x199.jpg 300w, http:\/\/mbp.chrzanow.pl\/pociagdotradycji\/wp-content\/uploads\/2019\/03\/pociag-3-768x509.jpg 768w, http:\/\/mbp.chrzanow.pl\/pociagdotradycji\/wp-content\/uploads\/2019\/03\/pociag-3-1024x679.jpg 1024w, http:\/\/mbp.chrzanow.pl\/pociagdotradycji\/wp-content\/uploads\/2019\/03\/pociag-3.jpg 1370w\" sizes=\"(max-width: 300px) 100vw, 300px\" \/>\n            <\/div>\n        <\/div><div class=\"eael-entry-wrapper\"><header class=\"eael-entry-header\"><h2 class=\"eael-entry-title\"><a class=\"eael-grid-post-link\" href=\"http:\/\/mbp.chrzanow.pl\/pociagdotradycji\/index.php\/2019\/03\/13\/pociag-pedzlem-malowany\/\" title=\"Poci\u0105g p\u0119dzlem malowany\">Poci\u0105g p\u0119dzlem malowany<\/a><\/h2><\/header><div class=\"eael-entry-content\">\n                        <div class=\"eael-grid-post-excerpt\"><p>W ramach projektu &#8222;Poci\u0105g do tradycji&#8221; grupa malarska dzia\u0142aj\u0105ca przy...<\/p><a href=\"http:\/\/mbp.chrzanow.pl\/pociagdotradycji\/index.php\/2019\/03\/13\/pociag-pedzlem-malowany\/\" class=\"eael-post-elements-readmore-btn\">Read More<\/a><\/div>\n                    <\/div><\/div><\/div>\n        <\/div>\n    <\/article><\/div>\n            <div class=\"clearfix\"><\/div>\n        <\/div>\t\t\t\t<\/div>\n\t\t\t\t<\/div>\n\t\t\t\t\t<\/div>\n\t\t<\/div>\n\t\t\t\t\t<\/div>\n\t\t<\/section>\n\t\t\t\t<\/div>\n\t\t","protected":false},"excerpt":{"rendered":"<p>wystawa2 Wystawa z okazji 100-lecia powstania Fabloku<\/p>\n","protected":false},"author":2,"featured_media":0,"parent":0,"menu_order":0,"comment_status":"closed","ping_status":"closed","template":"","meta":{"footnotes":""},"class_list":["post-794","page","type-page","status-publish","hentry"],"_links":{"self":[{"href":"http:\/\/mbp.chrzanow.pl\/pociagdotradycji\/index.php\/wp-json\/wp\/v2\/pages\/794","targetHints":{"allow":["GET"]}}],"collection":[{"href":"http:\/\/mbp.chrzanow.pl\/pociagdotradycji\/index.php\/wp-json\/wp\/v2\/pages"}],"about":[{"href":"http:\/\/mbp.chrzanow.pl\/pociagdotradycji\/index.php\/wp-json\/wp\/v2\/types\/page"}],"author":[{"embeddable":true,"href":"http:\/\/mbp.chrzanow.pl\/pociagdotradycji\/index.php\/wp-json\/wp\/v2\/users\/2"}],"replies":[{"embeddable":true,"href":"http:\/\/mbp.chrzanow.pl\/pociagdotradycji\/index.php\/wp-json\/wp\/v2\/comments?post=794"}],"version-history":[{"count":3,"href":"http:\/\/mbp.chrzanow.pl\/pociagdotradycji\/index.php\/wp-json\/wp\/v2\/pages\/794\/revisions"}],"predecessor-version":[{"id":797,"href":"http:\/\/mbp.chrzanow.pl\/pociagdotradycji\/index.php\/wp-json\/wp\/v2\/pages\/794\/revisions\/797"}],"wp:attachment":[{"href":"http:\/\/mbp.chrzanow.pl\/pociagdotradycji\/index.php\/wp-json\/wp\/v2\/media?parent=794"}],"curies":[{"name":"wp","href":"https:\/\/api.w.org\/{rel}","templated":true}]}}