{"id":801,"date":"2019-07-09T14:18:53","date_gmt":"2019-07-09T12:18:53","guid":{"rendered":"http:\/\/mbp.chrzanow.pl\/pociagdotradycji\/?page_id=801"},"modified":"2019-07-09T14:19:54","modified_gmt":"2019-07-09T12:19:54","slug":"wydawnictwa-2","status":"publish","type":"page","link":"http:\/\/mbp.chrzanow.pl\/pociagdotradycji\/index.php\/wydawnictwa-2\/","title":{"rendered":"Wydawnictwa"},"content":{"rendered":"\t\t<div data-elementor-type=\"wp-post\" data-elementor-id=\"801\" class=\"elementor elementor-801\">\n\t\t\t\t\t\t<section class=\"elementor-section elementor-top-section elementor-element elementor-element-61302d1 elementor-section-boxed elementor-section-height-default elementor-section-height-default\" data-id=\"61302d1\" data-element_type=\"section\" data-e-type=\"section\">\n\t\t\t\t\t\t<div class=\"elementor-container elementor-column-gap-default\">\n\t\t\t\t\t<div class=\"elementor-column elementor-col-100 elementor-top-column elementor-element elementor-element-4d910df\" data-id=\"4d910df\" data-element_type=\"column\" data-e-type=\"column\">\n\t\t\t<div class=\"elementor-widget-wrap elementor-element-populated\">\n\t\t\t\t\t\t<div class=\"elementor-element elementor-element-195c298 elementor-grid-eael-col-4 elementor-grid-tablet-eael-col-2 elementor-grid-mobile-eael-col-1 elementor-widget elementor-widget-eael-post-grid\" data-id=\"195c298\" data-element_type=\"widget\" data-e-type=\"widget\" data-settings=\"{&quot;eael_post_grid_columns&quot;:&quot;eael-col-4&quot;,&quot;eael_post_grid_columns_tablet&quot;:&quot;eael-col-2&quot;,&quot;eael_post_grid_columns_mobile&quot;:&quot;eael-col-1&quot;}\" data-widget_type=\"eael-post-grid.default\">\n\t\t\t\t<div class=\"elementor-widget-container\">\n\t\t\t\t\t<div id=\"eael-post-grid-195c298\" class=\"eael-post-grid-container\">\n            <div class=\"eael-post-grid eael-post-appender eael-post-appender-195c298 eael-post-grid-style-one\" data-layout-mode=\"masonry\"><article class=\"eael-grid-post  eael-post-grid-column eael-pg-post-881 category-wydawnictwa\" data-id=\"881\">\n        <div class=\"eael-grid-post-holder\">\n            <div class=\"eael-grid-post-holder-inner\"><div class=\"eael-entry-media\"><div class=\"eael-entry-overlay fade-in\"><i class=\"fas fa-long-arrow-alt-right\" aria-hidden=\"true\"><\/i><a href=\"http:\/\/mbp.chrzanow.pl\/pociagdotradycji\/index.php\/2019\/09\/20\/spacerownik-szlakiem-fabloku\/\"><\/a><\/div><div class=\"eael-entry-thumbnail \">\n                <img fetchpriority=\"high\" decoding=\"async\" width=\"300\" height=\"225\" src=\"http:\/\/mbp.chrzanow.pl\/pociagdotradycji\/wp-content\/uploads\/2019\/09\/IMG_5919-300x225.jpg\" class=\"attachment-medium size-medium wp-image-882\" alt=\"\" srcset=\"http:\/\/mbp.chrzanow.pl\/pociagdotradycji\/wp-content\/uploads\/2019\/09\/IMG_5919-300x225.jpg 300w, http:\/\/mbp.chrzanow.pl\/pociagdotradycji\/wp-content\/uploads\/2019\/09\/IMG_5919-768x576.jpg 768w, http:\/\/mbp.chrzanow.pl\/pociagdotradycji\/wp-content\/uploads\/2019\/09\/IMG_5919-1024x768.jpg 1024w, http:\/\/mbp.chrzanow.pl\/pociagdotradycji\/wp-content\/uploads\/2019\/09\/IMG_5919.jpg 2016w\" sizes=\"(max-width: 300px) 100vw, 300px\" \/>\n            <\/div>\n        <\/div><div class=\"eael-entry-wrapper\"><header class=\"eael-entry-header\"><h2 class=\"eael-entry-title\"><a class=\"eael-grid-post-link\" href=\"http:\/\/mbp.chrzanow.pl\/pociagdotradycji\/index.php\/2019\/09\/20\/spacerownik-szlakiem-fabloku\/\" title=\"Spacerownik &#8222;Szlakiem Fabloku&#8221;\">Spacerownik &#8222;Szlakiem Fabloku&#8221;<\/a><\/h2><\/header><div class=\"eael-entry-content\">\n                        <div class=\"eael-grid-post-excerpt\"><p>Poniewa\u017c dobrem wsp\u00f3lnym w projekcie &#8222;Poci\u0105g do tradycji&#8221; jest zachowanie...<\/p><a href=\"http:\/\/mbp.chrzanow.pl\/pociagdotradycji\/index.php\/2019\/09\/20\/spacerownik-szlakiem-fabloku\/\" class=\"eael-post-elements-readmore-btn\">Read More<\/a><\/div>\n                    <\/div><\/div><\/div>\n        <\/div>\n    <\/article><article class=\"eael-grid-post  eael-post-grid-column eael-pg-post-854 category-wydawnictwa\" data-id=\"854\">\n        <div class=\"eael-grid-post-holder\">\n            <div class=\"eael-grid-post-holder-inner\"><div class=\"eael-entry-media\"><div class=\"eael-entry-overlay fade-in\"><i class=\"fas fa-long-arrow-alt-right\" aria-hidden=\"true\"><\/i><a href=\"http:\/\/mbp.chrzanow.pl\/pociagdotradycji\/index.php\/2019\/07\/15\/quest-spacer-z-widokiem-na-lokomotywe\/\"><\/a><\/div><div class=\"eael-entry-thumbnail \">\n                <img decoding=\"async\" width=\"300\" height=\"200\" src=\"http:\/\/mbp.chrzanow.pl\/pociagdotradycji\/wp-content\/uploads\/2019\/06\/023-300x200.jpg\" class=\"attachment-medium size-medium wp-image-675\" alt=\"\" srcset=\"http:\/\/mbp.chrzanow.pl\/pociagdotradycji\/wp-content\/uploads\/2019\/06\/023-300x200.jpg 300w, http:\/\/mbp.chrzanow.pl\/pociagdotradycji\/wp-content\/uploads\/2019\/06\/023-768x512.jpg 768w, http:\/\/mbp.chrzanow.pl\/pociagdotradycji\/wp-content\/uploads\/2019\/06\/023-1024x683.jpg 1024w, http:\/\/mbp.chrzanow.pl\/pociagdotradycji\/wp-content\/uploads\/2019\/06\/023.jpg 1200w\" sizes=\"(max-width: 300px) 100vw, 300px\" \/>\n            <\/div>\n        <\/div><div class=\"eael-entry-wrapper\"><header class=\"eael-entry-header\"><h2 class=\"eael-entry-title\"><a class=\"eael-grid-post-link\" href=\"http:\/\/mbp.chrzanow.pl\/pociagdotradycji\/index.php\/2019\/07\/15\/quest-spacer-z-widokiem-na-lokomotywe\/\" title=\"Quest &#8222;Spacer z widokiem na lokomotyw\u0119&#8221;\">Quest &#8222;Spacer z widokiem na lokomotyw\u0119&#8221;<\/a><\/h2><\/header><div class=\"eael-entry-content\">\n                        <div class=\"eael-grid-post-excerpt\"><p>Tematyka:Quest opowiada histori\u0119 Fabloku \u2013 Pierwszej Fabryki Lokomotyw w Polsce,...<\/p><a href=\"http:\/\/mbp.chrzanow.pl\/pociagdotradycji\/index.php\/2019\/07\/15\/quest-spacer-z-widokiem-na-lokomotywe\/\" class=\"eael-post-elements-readmore-btn\">Read More<\/a><\/div>\n                    <\/div><\/div><\/div>\n        <\/div>\n    <\/article><article class=\"eael-grid-post  eael-post-grid-column eael-pg-post-844 category-wydawnictwa\" data-id=\"844\">\n        <div class=\"eael-grid-post-holder\">\n            <div class=\"eael-grid-post-holder-inner\"><div class=\"eael-entry-media\"><div class=\"eael-entry-overlay fade-in\"><i class=\"fas fa-long-arrow-alt-right\" aria-hidden=\"true\"><\/i><a href=\"http:\/\/mbp.chrzanow.pl\/pociagdotradycji\/index.php\/2019\/07\/15\/quest-chrzanow-sladami-loewenfelda\/\"><\/a><\/div><div class=\"eael-entry-thumbnail \">\n                <img decoding=\"async\" width=\"241\" height=\"300\" src=\"http:\/\/mbp.chrzanow.pl\/pociagdotradycji\/wp-content\/uploads\/2019\/07\/IMG_4915-241x300.png\" class=\"attachment-medium size-medium wp-image-848\" alt=\"\" srcset=\"http:\/\/mbp.chrzanow.pl\/pociagdotradycji\/wp-content\/uploads\/2019\/07\/IMG_4915-241x300.png 241w, http:\/\/mbp.chrzanow.pl\/pociagdotradycji\/wp-content\/uploads\/2019\/07\/IMG_4915.png 730w\" sizes=\"(max-width: 241px) 100vw, 241px\" \/>\n            <\/div>\n        <\/div><div class=\"eael-entry-wrapper\"><header class=\"eael-entry-header\"><h2 class=\"eael-entry-title\"><a class=\"eael-grid-post-link\" href=\"http:\/\/mbp.chrzanow.pl\/pociagdotradycji\/index.php\/2019\/07\/15\/quest-chrzanow-sladami-loewenfelda\/\" title=\"Quest &#8222;Chrzan\u00f3w &#8211; \u015bladami Loewenfelda&#8221;\">Quest &#8222;Chrzan\u00f3w &#8211; \u015bladami Loewenfelda&#8221;<\/a><\/h2><\/header><div class=\"eael-entry-content\">\n                        <div class=\"eael-grid-post-excerpt\"><p>Tematyka: Quest opowiada o historii Chrzanowa z prze\u0142omu XIX i...<\/p><a href=\"http:\/\/mbp.chrzanow.pl\/pociagdotradycji\/index.php\/2019\/07\/15\/quest-chrzanow-sladami-loewenfelda\/\" class=\"eael-post-elements-readmore-btn\">Read More<\/a><\/div>\n                    <\/div><\/div><\/div>\n        <\/div>\n    <\/article><article class=\"eael-grid-post  eael-post-grid-column eael-pg-post-734 category-wydawnictwa\" data-id=\"734\">\n        <div class=\"eael-grid-post-holder\">\n            <div class=\"eael-grid-post-holder-inner\"><div class=\"eael-entry-media\"><div class=\"eael-entry-overlay fade-in\"><i class=\"fas fa-long-arrow-alt-right\" aria-hidden=\"true\"><\/i><a href=\"http:\/\/mbp.chrzanow.pl\/pociagdotradycji\/index.php\/2019\/06\/19\/wydawnictwo-fablok-pamiatki-pierwszej-fabryki-lokomotyw-w-polsce\/\"><\/a><\/div><div class=\"eael-entry-thumbnail \">\n                <img loading=\"lazy\" decoding=\"async\" width=\"300\" height=\"204\" src=\"http:\/\/mbp.chrzanow.pl\/pociagdotradycji\/wp-content\/uploads\/2019\/06\/IMG_4703-300x204.jpg\" class=\"attachment-medium size-medium wp-image-742\" alt=\"\" srcset=\"http:\/\/mbp.chrzanow.pl\/pociagdotradycji\/wp-content\/uploads\/2019\/06\/IMG_4703-300x204.jpg 300w, http:\/\/mbp.chrzanow.pl\/pociagdotradycji\/wp-content\/uploads\/2019\/06\/IMG_4703-768x522.jpg 768w, http:\/\/mbp.chrzanow.pl\/pociagdotradycji\/wp-content\/uploads\/2019\/06\/IMG_4703-1024x696.jpg 1024w\" sizes=\"(max-width: 300px) 100vw, 300px\" \/>\n            <\/div>\n        <\/div><div class=\"eael-entry-wrapper\"><header class=\"eael-entry-header\"><h2 class=\"eael-entry-title\"><a class=\"eael-grid-post-link\" href=\"http:\/\/mbp.chrzanow.pl\/pociagdotradycji\/index.php\/2019\/06\/19\/wydawnictwo-fablok-pamiatki-pierwszej-fabryki-lokomotyw-w-polsce\/\" title=\"Wydawnictwo &#8222;Fablok: pami\u0105tki Pierwszej Fabryki Lokomotyw w Polsce&#8221;\">Wydawnictwo &#8222;Fablok: pami\u0105tki Pierwszej Fabryki Lokomotyw w Polsce&#8221;<\/a><\/h2><\/header><div class=\"eael-entry-content\">\n                        <div class=\"eael-grid-post-excerpt\"><p>Publikacja Fablok \u2013 Pami\u0105tki Pierwszej Fabryki Lokomotyw w Polsce ma...<\/p><a href=\"http:\/\/mbp.chrzanow.pl\/pociagdotradycji\/index.php\/2019\/06\/19\/wydawnictwo-fablok-pamiatki-pierwszej-fabryki-lokomotyw-w-polsce\/\" class=\"eael-post-elements-readmore-btn\">Read More<\/a><\/div>\n                    <\/div><\/div><\/div>\n        <\/div>\n    <\/article><\/div>\n            <div class=\"clearfix\"><\/div>\n        <\/div>\t\t\t\t<\/div>\n\t\t\t\t<\/div>\n\t\t\t\t\t<\/div>\n\t\t<\/div>\n\t\t\t\t\t<\/div>\n\t\t<\/section>\n\t\t\t\t<\/div>\n\t\t","protected":false},"excerpt":{"rendered":"<p>Wydawnictwo &#8222;Fablok: pami\u0105tki Pierwszej Fabryki Lokomotyw w Polsce&#8221; Publikacja Fablok \u2013 Pami\u0105tki Pierwszej Fabryki Lokomotyw w Polsce ma \u2026<\/p>\n","protected":false},"author":2,"featured_media":0,"parent":0,"menu_order":0,"comment_status":"closed","ping_status":"closed","template":"","meta":{"footnotes":""},"class_list":["post-801","page","type-page","status-publish","hentry"],"_links":{"self":[{"href":"http:\/\/mbp.chrzanow.pl\/pociagdotradycji\/index.php\/wp-json\/wp\/v2\/pages\/801","targetHints":{"allow":["GET"]}}],"collection":[{"href":"http:\/\/mbp.chrzanow.pl\/pociagdotradycji\/index.php\/wp-json\/wp\/v2\/pages"}],"about":[{"href":"http:\/\/mbp.chrzanow.pl\/pociagdotradycji\/index.php\/wp-json\/wp\/v2\/types\/page"}],"author":[{"embeddable":true,"href":"http:\/\/mbp.chrzanow.pl\/pociagdotradycji\/index.php\/wp-json\/wp\/v2\/users\/2"}],"replies":[{"embeddable":true,"href":"http:\/\/mbp.chrzanow.pl\/pociagdotradycji\/index.php\/wp-json\/wp\/v2\/comments?post=801"}],"version-history":[{"count":2,"href":"http:\/\/mbp.chrzanow.pl\/pociagdotradycji\/index.php\/wp-json\/wp\/v2\/pages\/801\/revisions"}],"predecessor-version":[{"id":803,"href":"http:\/\/mbp.chrzanow.pl\/pociagdotradycji\/index.php\/wp-json\/wp\/v2\/pages\/801\/revisions\/803"}],"wp:attachment":[{"href":"http:\/\/mbp.chrzanow.pl\/pociagdotradycji\/index.php\/wp-json\/wp\/v2\/media?parent=801"}],"curies":[{"name":"wp","href":"https:\/\/api.w.org\/{rel}","templated":true}]}}