{"id":20,"date":"2020-10-29T12:55:34","date_gmt":"2020-10-29T12:55:34","guid":{"rendered":"http:\/\/mbp.chrzanow.pl\/dookolafabloku\/index.php\/about-us\/"},"modified":"2021-04-08T14:30:56","modified_gmt":"2021-04-08T12:30:56","slug":"o-projekcie","status":"publish","type":"page","link":"https:\/\/mbp.chrzanow.pl\/dookolafabloku\/o-projekcie\/","title":{"rendered":"O projekcie"},"content":{"rendered":"\t\t<div data-elementor-type=\"wp-page\" data-elementor-id=\"20\" class=\"elementor elementor-20\" data-elementor-settings=\"{&quot;ha_cmc_init_switcher&quot;:&quot;no&quot;}\">\n\t\t\t\t\t\t<section class=\"elementor-section elementor-top-section elementor-element elementor-element-371e341 elementor-section-height-min-height elementor-section-items-bottom elementor-section-boxed elementor-section-height-default\" data-id=\"371e341\" data-element_type=\"section\" data-e-type=\"section\" data-settings=\"{&quot;_ha_eqh_enable&quot;:false}\">\n\t\t\t\t\t\t\t<div class=\"elementor-background-overlay\"><\/div>\n\t\t\t\t\t\t\t<div class=\"elementor-container elementor-column-gap-no\">\n\t\t\t\t\t<div class=\"elementor-column elementor-col-50 elementor-top-column elementor-element elementor-element-007f03a\" data-id=\"007f03a\" data-element_type=\"column\" data-e-type=\"column\">\n\t\t\t<div class=\"elementor-widget-wrap elementor-element-populated\">\n\t\t\t\t\t\t<div class=\"elementor-element elementor-element-4086b8e elementor-widget-divider--view-line elementor-widget elementor-widget-divider\" data-id=\"4086b8e\" data-element_type=\"widget\" data-e-type=\"widget\" data-widget_type=\"divider.default\">\n\t\t\t\t<div class=\"elementor-widget-container\">\n\t\t\t\t\t\t\t<div class=\"elementor-divider\">\n\t\t\t<span class=\"elementor-divider-separator\">\n\t\t\t\t\t\t<\/span>\n\t\t<\/div>\n\t\t\t\t\t\t<\/div>\n\t\t\t\t<\/div>\n\t\t\t\t\t<\/div>\n\t\t<\/div>\n\t\t\t\t<div class=\"elementor-column elementor-col-50 elementor-top-column elementor-element elementor-element-17048ea\" data-id=\"17048ea\" data-element_type=\"column\" data-e-type=\"column\">\n\t\t\t<div class=\"elementor-widget-wrap elementor-element-populated\">\n\t\t\t\t\t\t<div class=\"elementor-element elementor-element-56886c0 elementor-widget elementor-widget-heading\" data-id=\"56886c0\" data-element_type=\"widget\" data-e-type=\"widget\" data-widget_type=\"heading.default\">\n\t\t\t\t<div class=\"elementor-widget-container\">\n\t\t\t\t\t<h1 class=\"elementor-heading-title elementor-size-default\">O projekcie<\/h1>\t\t\t\t<\/div>\n\t\t\t\t<\/div>\n\t\t\t\t\t<\/div>\n\t\t<\/div>\n\t\t\t\t\t<\/div>\n\t\t<\/section>\n\t\t\t\t<section class=\"elementor-section elementor-top-section elementor-element elementor-element-7927bcc elementor-section-boxed elementor-section-height-default elementor-section-height-default\" data-id=\"7927bcc\" data-element_type=\"section\" data-e-type=\"section\" data-settings=\"{&quot;_ha_eqh_enable&quot;:false}\">\n\t\t\t\t\t\t<div class=\"elementor-container elementor-column-gap-default\">\n\t\t\t\t\t<div class=\"elementor-column elementor-col-33 elementor-top-column elementor-element elementor-element-eb61745\" data-id=\"eb61745\" data-element_type=\"column\" data-e-type=\"column\">\n\t\t\t<div class=\"elementor-widget-wrap elementor-element-populated\">\n\t\t\t\t\t\t<div class=\"elementor-element elementor-element-7e2fc62 elementor-position-top elementor-widget elementor-widget-image-box\" data-id=\"7e2fc62\" data-element_type=\"widget\" data-e-type=\"widget\" data-widget_type=\"image-box.default\">\n\t\t\t\t<div class=\"elementor-widget-container\">\n\t\t\t\t\t<div class=\"elementor-image-box-wrapper\"><figure class=\"elementor-image-box-img\"><a href=\"http:\/\/www.mbp.chrzanow.pl\" tabindex=\"-1\"><img fetchpriority=\"high\" decoding=\"async\" width=\"1280\" height=\"1280\" src=\"https:\/\/mbp.chrzanow.pl\/dookolafabloku\/wp-content\/uploads\/2021\/03\/chrzanow_nowy_budynek_08.jpg\" class=\"attachment-full size-full wp-image-492\" alt=\"\" srcset=\"https:\/\/mbp.chrzanow.pl\/dookolafabloku\/wp-content\/uploads\/2021\/03\/chrzanow_nowy_budynek_08.jpg 1280w, https:\/\/mbp.chrzanow.pl\/dookolafabloku\/wp-content\/uploads\/2021\/03\/chrzanow_nowy_budynek_08-300x300.jpg 300w, https:\/\/mbp.chrzanow.pl\/dookolafabloku\/wp-content\/uploads\/2021\/03\/chrzanow_nowy_budynek_08-1024x1024.jpg 1024w, https:\/\/mbp.chrzanow.pl\/dookolafabloku\/wp-content\/uploads\/2021\/03\/chrzanow_nowy_budynek_08-150x150.jpg 150w, https:\/\/mbp.chrzanow.pl\/dookolafabloku\/wp-content\/uploads\/2021\/03\/chrzanow_nowy_budynek_08-768x768.jpg 768w\" sizes=\"(max-width: 1280px) 100vw, 1280px\" \/><\/a><\/figure><div class=\"elementor-image-box-content\"><h3 class=\"elementor-image-box-title\"><a href=\"http:\/\/www.mbp.chrzanow.pl\">LIDER PROJEKTU<\/a><\/h3><p class=\"elementor-image-box-description\">MIEJSKA BIBLIOTEKA PUBLICZNA W CHRZANOWIE<\/p><\/div><\/div>\t\t\t\t<\/div>\n\t\t\t\t<\/div>\n\t\t\t\t\t<\/div>\n\t\t<\/div>\n\t\t\t\t<div class=\"elementor-column elementor-col-33 elementor-top-column elementor-element elementor-element-a51a799\" data-id=\"a51a799\" data-element_type=\"column\" data-e-type=\"column\">\n\t\t\t<div class=\"elementor-widget-wrap elementor-element-populated\">\n\t\t\t\t\t\t<div class=\"elementor-element elementor-element-1f81763 elementor-position-top elementor-widget elementor-widget-image-box\" data-id=\"1f81763\" data-element_type=\"widget\" data-e-type=\"widget\" data-widget_type=\"image-box.default\">\n\t\t\t\t<div class=\"elementor-widget-container\">\n\t\t\t\t\t<div class=\"elementor-image-box-wrapper\"><figure class=\"elementor-image-box-img\"><a href=\"http:\/\/www.sp6.chrzanow.pl\/\" tabindex=\"-1\"><img decoding=\"async\" width=\"400\" height=\"400\" src=\"https:\/\/mbp.chrzanow.pl\/dookolafabloku\/wp-content\/uploads\/2021\/03\/sp6.jpg\" class=\"attachment-full size-full wp-image-491\" alt=\"\" srcset=\"https:\/\/mbp.chrzanow.pl\/dookolafabloku\/wp-content\/uploads\/2021\/03\/sp6.jpg 400w, https:\/\/mbp.chrzanow.pl\/dookolafabloku\/wp-content\/uploads\/2021\/03\/sp6-300x300.jpg 300w, https:\/\/mbp.chrzanow.pl\/dookolafabloku\/wp-content\/uploads\/2021\/03\/sp6-150x150.jpg 150w\" sizes=\"(max-width: 400px) 100vw, 400px\" \/><\/a><\/figure><div class=\"elementor-image-box-content\"><h3 class=\"elementor-image-box-title\"><a href=\"http:\/\/www.sp6.chrzanow.pl\/\">CZ\u0141ONEK GRUPY INICJATYWNEJ<\/a><\/h3><p class=\"elementor-image-box-description\">SZKO\u0141A PODSTAWOWA NR 6 W CHRZANOWIE<\/p><\/div><\/div>\t\t\t\t<\/div>\n\t\t\t\t<\/div>\n\t\t\t\t\t<\/div>\n\t\t<\/div>\n\t\t\t\t<div class=\"elementor-column elementor-col-33 elementor-top-column elementor-element elementor-element-f4989d1\" data-id=\"f4989d1\" data-element_type=\"column\" data-e-type=\"column\">\n\t\t\t<div class=\"elementor-widget-wrap elementor-element-populated\">\n\t\t\t\t\t\t<div class=\"elementor-element elementor-element-2a313cc elementor-position-top elementor-widget elementor-widget-image-box\" data-id=\"2a313cc\" data-element_type=\"widget\" data-e-type=\"widget\" data-widget_type=\"image-box.default\">\n\t\t\t\t<div class=\"elementor-widget-container\">\n\t\t\t\t\t<div class=\"elementor-image-box-wrapper\"><figure class=\"elementor-image-box-img\"><a href=\"http:\/\/www.utw.chrzanow.pl\" tabindex=\"-1\"><img decoding=\"async\" width=\"275\" height=\"275\" src=\"https:\/\/mbp.chrzanow.pl\/dookolafabloku\/wp-content\/uploads\/2021\/03\/unnamed.jpg\" class=\"attachment-full size-full wp-image-490\" alt=\"\" srcset=\"https:\/\/mbp.chrzanow.pl\/dookolafabloku\/wp-content\/uploads\/2021\/03\/unnamed.jpg 275w, https:\/\/mbp.chrzanow.pl\/dookolafabloku\/wp-content\/uploads\/2021\/03\/unnamed-150x150.jpg 150w\" sizes=\"(max-width: 275px) 100vw, 275px\" \/><\/a><\/figure><div class=\"elementor-image-box-content\"><h3 class=\"elementor-image-box-title\"><a href=\"http:\/\/www.utw.chrzanow.pl\">CZ\u0141ONEK GRUPY INICJATYWNEJ<\/a><\/h3><p class=\"elementor-image-box-description\">STOWARZYSZENIE UTW W CHRZANOWIE<\/p><\/div><\/div>\t\t\t\t<\/div>\n\t\t\t\t<\/div>\n\t\t\t\t\t<\/div>\n\t\t<\/div>\n\t\t\t\t\t<\/div>\n\t\t<\/section>\n\t\t\t\t<section class=\"elementor-section elementor-top-section elementor-element elementor-element-44f99fe elementor-section-boxed elementor-section-height-default elementor-section-height-default\" data-id=\"44f99fe\" data-element_type=\"section\" data-e-type=\"section\" data-settings=\"{&quot;_ha_eqh_enable&quot;:false}\">\n\t\t\t\t\t\t<div class=\"elementor-container elementor-column-gap-no\">\n\t\t\t\t\t<div class=\"elementor-column elementor-col-50 elementor-top-column elementor-element elementor-element-e2a398e\" data-id=\"e2a398e\" data-element_type=\"column\" data-e-type=\"column\">\n\t\t\t<div class=\"elementor-widget-wrap elementor-element-populated\">\n\t\t\t\t\t\t\t<\/div>\n\t\t<\/div>\n\t\t\t\t<div class=\"elementor-column elementor-col-50 elementor-top-column elementor-element elementor-element-4207888\" data-id=\"4207888\" data-element_type=\"column\" data-e-type=\"column\">\n\t\t\t<div class=\"elementor-widget-wrap elementor-element-populated\">\n\t\t\t\t\t\t\t<\/div>\n\t\t<\/div>\n\t\t\t\t\t<\/div>\n\t\t<\/section>\n\t\t\t\t<section class=\"elementor-section elementor-top-section elementor-element elementor-element-58a2c21 elementor-section-boxed elementor-section-height-default elementor-section-height-default\" data-id=\"58a2c21\" data-element_type=\"section\" data-e-type=\"section\" data-settings=\"{&quot;_ha_eqh_enable&quot;:false}\">\n\t\t\t\t\t\t<div class=\"elementor-container elementor-column-gap-no\">\n\t\t\t\t\t<div class=\"elementor-column elementor-col-100 elementor-top-column elementor-element elementor-element-72c3c00\" data-id=\"72c3c00\" data-element_type=\"column\" data-e-type=\"column\">\n\t\t\t<div class=\"elementor-widget-wrap elementor-element-populated\">\n\t\t\t\t\t\t<section class=\"elementor-section elementor-inner-section elementor-element elementor-element-ae44670 elementor-section-boxed elementor-section-height-default elementor-section-height-default\" data-id=\"ae44670\" data-element_type=\"section\" data-e-type=\"section\" data-settings=\"{&quot;_ha_eqh_enable&quot;:false}\">\n\t\t\t\t\t\t<div class=\"elementor-container elementor-column-gap-no\">\n\t\t\t\t\t<div class=\"elementor-column elementor-col-100 elementor-inner-column elementor-element elementor-element-51c7cd1\" data-id=\"51c7cd1\" data-element_type=\"column\" data-e-type=\"column\">\n\t\t\t<div class=\"elementor-widget-wrap elementor-element-populated\">\n\t\t\t\t\t\t<div class=\"elementor-element elementor-element-049669f elementor-widget elementor-widget-heading\" data-id=\"049669f\" data-element_type=\"widget\" data-e-type=\"widget\" data-widget_type=\"heading.default\">\n\t\t\t\t<div class=\"elementor-widget-container\">\n\t\t\t\t\t<h3 class=\"elementor-heading-title elementor-size-default\">Program \u201eLokalne Partnerstwa Polsko-Ameryka\u0144skiej Fundacji Wolno\u015bci 2020-2021\u201d, bazuje na do\u015bwiadczeniach oraz jest kontynuacj\u0105 i rozwini\u0119ciem pilota\u017cowego przedsi\u0119wzi\u0119cia PAFW o tej samej nazwie, zrealizowanego w roku 2009 i kontynuowanego w latach 2010-2019. Celem Programu jest inicjowanie i rozw\u00f3j wsp\u00f3\u0142pracy pomi\u0119dzy organizacjami, instytucjami i osobami zaanga\u017cowanymi w r\u00f3\u017cne programy PAFW na terenie tej samej gminy lub kilku gmin. Wsp\u00f3\u0142praca ta ma si\u0119 przyczyni\u0107 do wzmocnienia budowy kapita\u0142u spo\u0142ecznego poprzez synergi\u0119 do\u015bwiadcze\u0144 i rezultat\u00f3w program\u00f3w PAFW. Ponadto Program ma si\u0119 przyczyni\u0107 do wzmocnienia i integracji lider\u00f3w spo\u0142ecznych oraz do promocji PAFW i popularyzacji jej cel\u00f3w realizowanych poprzez programy skierowane do spo\u0142eczno\u015bci lokalnych.<br>\nPartnerami w projekcie s\u0105: \nStowarzyszenie Przyjaci\u00f3\u0142 Ksi\u0119dza Micha\u0142a Potacza\u0142o \"Aposto\u0142 Dobroci\",  Stowarzyszenie \"Za Piecem\", Stowarzyszenie Chrzanowskich Cyklist\u00f3w, Stowarzyszenie \"Cze\u015b\u0107\".<\/h3>\t\t\t\t<\/div>\n\t\t\t\t<\/div>\n\t\t\t\t\t<\/div>\n\t\t<\/div>\n\t\t\t\t\t<\/div>\n\t\t<\/section>\n\t\t\t\t\t<\/div>\n\t\t<\/div>\n\t\t\t\t\t<\/div>\n\t\t<\/section>\n\t\t\t\t<section class=\"elementor-section elementor-top-section elementor-element elementor-element-f9df76a elementor-section-boxed elementor-section-height-default elementor-section-height-default\" data-id=\"f9df76a\" data-element_type=\"section\" data-e-type=\"section\" data-settings=\"{&quot;_ha_eqh_enable&quot;:false}\">\n\t\t\t\t\t\t<div class=\"elementor-container elementor-column-gap-default\">\n\t\t\t\t\t<div class=\"elementor-column elementor-col-100 elementor-top-column elementor-element elementor-element-33eeba9\" data-id=\"33eeba9\" data-element_type=\"column\" data-e-type=\"column\">\n\t\t\t<div class=\"elementor-widget-wrap elementor-element-populated\">\n\t\t\t\t\t\t<div class=\"elementor-element elementor-element-872ceb7 elementor-widget elementor-widget-image\" data-id=\"872ceb7\" data-element_type=\"widget\" data-e-type=\"widget\" data-widget_type=\"image.default\">\n\t\t\t\t<div class=\"elementor-widget-container\">\n\t\t\t\t\t\t\t\t\t\t\t\t\t\t\t<img loading=\"lazy\" decoding=\"async\" width=\"2560\" height=\"671\" src=\"https:\/\/mbp.chrzanow.pl\/dookolafabloku\/wp-content\/uploads\/2021\/04\/loga_lp-scaled.jpg\" class=\"attachment-full size-full wp-image-906\" alt=\"\" srcset=\"https:\/\/mbp.chrzanow.pl\/dookolafabloku\/wp-content\/uploads\/2021\/04\/loga_lp-scaled.jpg 2560w, https:\/\/mbp.chrzanow.pl\/dookolafabloku\/wp-content\/uploads\/2021\/04\/loga_lp-300x79.jpg 300w, https:\/\/mbp.chrzanow.pl\/dookolafabloku\/wp-content\/uploads\/2021\/04\/loga_lp-1024x268.jpg 1024w, https:\/\/mbp.chrzanow.pl\/dookolafabloku\/wp-content\/uploads\/2021\/04\/loga_lp-768x201.jpg 768w, https:\/\/mbp.chrzanow.pl\/dookolafabloku\/wp-content\/uploads\/2021\/04\/loga_lp-1536x403.jpg 1536w, https:\/\/mbp.chrzanow.pl\/dookolafabloku\/wp-content\/uploads\/2021\/04\/loga_lp-2048x537.jpg 2048w\" sizes=\"(max-width: 2560px) 100vw, 2560px\" \/>\t\t\t\t\t\t\t\t\t\t\t\t\t\t\t<\/div>\n\t\t\t\t<\/div>\n\t\t\t\t\t<\/div>\n\t\t<\/div>\n\t\t\t\t\t<\/div>\n\t\t<\/section>\n\t\t\t\t<\/div>\n\t\t","protected":false},"excerpt":{"rendered":"<p>O projekcie LIDER PROJEKTU MIEJSKA BIBLIOTEKA PUBLICZNA W CHRZANOWIE CZ\u0141ONEK GRUPY INICJATYWNEJ SZKO\u0141A PODSTAWOWA NR 6 W CHRZANOWIE CZ\u0141ONEK GRUPY INICJATYWNEJ STOWARZYSZENIE UTW W CHRZANOWIE Program \u201eLokalne Partnerstwa Polsko-Ameryka\u0144skiej Fundacji Wolno\u015bci 2020-2021\u201d, bazuje na do\u015bwiadczeniach oraz jest kontynuacj\u0105 i rozwini\u0119ciem pilota\u017cowego przedsi\u0119wzi\u0119cia PAFW o tej samej nazwie, zrealizowanego w roku 2009 i kontynuowanego w latach [&hellip;]<\/p>\n","protected":false},"author":1,"featured_media":0,"parent":0,"menu_order":0,"comment_status":"closed","ping_status":"closed","template":"","meta":{"site-sidebar-layout":"no-sidebar","site-content-layout":"page-builder","ast-site-content-layout":"default","site-content-style":"default","site-sidebar-style":"default","ast-global-header-display":"","ast-banner-title-visibility":"","ast-main-header-display":"","ast-hfb-above-header-display":"","ast-hfb-below-header-display":"","ast-hfb-mobile-header-display":"","site-post-title":"disabled","ast-breadcrumbs-content":"","ast-featured-img":"disabled","footer-sml-layout":"","ast-disable-related-posts":"","theme-transparent-header-meta":"enabled","adv-header-id-meta":"","stick-header-meta":"","header-above-stick-meta":"","header-main-stick-meta":"","header-below-stick-meta":"","astra-migrate-meta-layouts":"default","ast-page-background-enabled":"default","ast-page-background-meta":{"desktop":{"background-color":"","background-image":"","background-repeat":"repeat","background-position":"center center","background-size":"auto","background-attachment":"scroll","background-type":"","background-media":"","overlay-type":"","overlay-color":"","overlay-opacity":"","overlay-gradient":""},"tablet":{"background-color":"","background-image":"","background-repeat":"repeat","background-position":"center center","background-size":"auto","background-attachment":"scroll","background-type":"","background-media":"","overlay-type":"","overlay-color":"","overlay-opacity":"","overlay-gradient":""},"mobile":{"background-color":"","background-image":"","background-repeat":"repeat","background-position":"center center","background-size":"auto","background-attachment":"scroll","background-type":"","background-media":"","overlay-type":"","overlay-color":"","overlay-opacity":"","overlay-gradient":""}},"ast-content-background-meta":{"desktop":{"background-color":"var(--ast-global-color-5)","background-image":"","background-repeat":"repeat","background-position":"center center","background-size":"auto","background-attachment":"scroll","background-type":"","background-media":"","overlay-type":"","overlay-color":"","overlay-opacity":"","overlay-gradient":""},"tablet":{"background-color":"var(--ast-global-color-5)","background-image":"","background-repeat":"repeat","background-position":"center center","background-size":"auto","background-attachment":"scroll","background-type":"","background-media":"","overlay-type":"","overlay-color":"","overlay-opacity":"","overlay-gradient":""},"mobile":{"background-color":"var(--ast-global-color-5)","background-image":"","background-repeat":"repeat","background-position":"center center","background-size":"auto","background-attachment":"scroll","background-type":"","background-media":"","overlay-type":"","overlay-color":"","overlay-opacity":"","overlay-gradient":""}},"footnotes":""},"class_list":["post-20","page","type-page","status-publish","hentry"],"_links":{"self":[{"href":"https:\/\/mbp.chrzanow.pl\/dookolafabloku\/wp-json\/wp\/v2\/pages\/20","targetHints":{"allow":["GET"]}}],"collection":[{"href":"https:\/\/mbp.chrzanow.pl\/dookolafabloku\/wp-json\/wp\/v2\/pages"}],"about":[{"href":"https:\/\/mbp.chrzanow.pl\/dookolafabloku\/wp-json\/wp\/v2\/types\/page"}],"author":[{"embeddable":true,"href":"https:\/\/mbp.chrzanow.pl\/dookolafabloku\/wp-json\/wp\/v2\/users\/1"}],"replies":[{"embeddable":true,"href":"https:\/\/mbp.chrzanow.pl\/dookolafabloku\/wp-json\/wp\/v2\/comments?post=20"}],"version-history":[{"count":32,"href":"https:\/\/mbp.chrzanow.pl\/dookolafabloku\/wp-json\/wp\/v2\/pages\/20\/revisions"}],"predecessor-version":[{"id":909,"href":"https:\/\/mbp.chrzanow.pl\/dookolafabloku\/wp-json\/wp\/v2\/pages\/20\/revisions\/909"}],"wp:attachment":[{"href":"https:\/\/mbp.chrzanow.pl\/dookolafabloku\/wp-json\/wp\/v2\/media?parent=20"}],"curies":[{"name":"wp","href":"https:\/\/api.w.org\/{rel}","templated":true}]}}